{"id":1068,"date":"2024-05-22T10:36:32","date_gmt":"2024-05-22T09:36:32","guid":{"rendered":"https:\/\/socenter.eu\/?page_id=1068"},"modified":"2024-05-22T10:40:05","modified_gmt":"2024-05-22T09:40:05","slug":"platforma-e-learningowa","status":"publish","type":"page","link":"https:\/\/socenter.eu\/index.php\/pl\/platforma-e-learningowa\/","title":{"rendered":"Platforma E-learningowa"},"content":{"rendered":"\n<p class=\"has-text-align-center has-white-color has-text-color has-background has-large-font-size\" style=\"background-color:#00a095\"><strong><strong>We\u017a udzia\u0142 w naszym e-kursie \u201ePrzedsi\u0119biorczo\u015b\u0107 spo\u0142eczno-ekonomiczna: wprowadzanie zmian na rzecz zr\u00f3wnowa\u017conego rozwoju\u201d dost\u0119pnym we wszystkich pi\u0119ciu j\u0119zykach partner\u00f3w projektu!<\/strong><\/strong><\/p>\n\n\n\n<div style=\"height:49px\" aria-hidden=\"true\" class=\"wp-block-spacer\"><\/div>\n\n\n\n<p class=\"has-text-align-center has-black-color has-text-color has-medium-font-size\"><\/p>\n\n\n\n<h3 class=\"wp-block-heading has-text-align-center has-input-field-color has-text-color\" id=\"schedule-a-visit\" style=\"font-size:39px;line-height:1.15\">odwied\u017a nasz\u0105<\/h3>\n\n\n\n<h3 class=\"wp-block-heading has-text-align-center has-input-field-color has-text-color\" id=\"schedule-a-visit\" style=\"font-size:39px;line-height:1.15\">Platform\u0119 E-learningow\u0105<\/h3>\n\n\n\n<div style=\"height:50px\" aria-hidden=\"true\" class=\"wp-block-spacer\"><\/div>\n\n\n\n<div class=\"wp-block-buttons is-horizontal is-content-justification-center is-layout-flex wp-container-core-buttons-is-layout-03627597 wp-block-buttons-is-layout-flex\">\n<div class=\"wp-block-button has-custom-width wp-block-button__width-75 has-custom-font-size has-system-font-family has-medium-font-size\"><a class=\"wp-block-button__link has-foreground-color has-lite-green-background-color has-text-color has-background wp-element-button\" href=\"https:\/\/moodle.socenter.eu\/\" style=\"border-radius:50px\" target=\"_blank\" rel=\"noreferrer noopener\">&nbsp;https:\/\/moodle.socenter.eu\/<\/a><\/div>\n<\/div>\n\n\n\n<div style=\"height:50px\" aria-hidden=\"true\" class=\"wp-block-spacer\"><\/div>\n\n\n\n<h3 class=\"wp-block-heading has-text-align-center has-input-field-color has-text-color\" id=\"schedule-a-visit\" style=\"font-size:22px;line-height:1.15\"><strong>Aby zalogowa\u0107 si\u0119 na kurs post\u0119puj zgodnie z poni\u017csz\u0105 instrukcj\u0105!<\/strong><\/h3>\n\n\n\n<div style=\"height:50px\" aria-hidden=\"true\" class=\"wp-block-spacer\"><\/div>\n\n\n\n<div data-wp-interactive=\"core\/file\" class=\"wp-block-file\"><object data-wp-bind--hidden=\"!state.hasPdfPreview\" hidden class=\"wp-block-file__embed\" data=\"https:\/\/socenter.eu\/wp-content\/uploads\/2024\/05\/E-learning-platform-1.pdf\" type=\"application\/pdf\" style=\"width:100%;height:600px\" aria-label=\"Embed of E-learning platform.\"><\/object><a id=\"wp-block-file--media-d904286d-6866-41ce-bef1-6e5ea5dbdfe5\" href=\"https:\/\/socenter.eu\/wp-content\/uploads\/2024\/05\/E-learning-platform-1.pdf\">E-learning platform<\/a><a href=\"https:\/\/socenter.eu\/wp-content\/uploads\/2024\/05\/E-learning-platform-1.pdf\" class=\"wp-block-file__button wp-element-button\" download aria-describedby=\"wp-block-file--media-d904286d-6866-41ce-bef1-6e5ea5dbdfe5\">Pobierz<\/a><\/div>\n","protected":false},"excerpt":{"rendered":"<p>We\u017a udzia\u0142 w naszym e-kursie \u201ePrzedsi\u0119biorczo\u015b\u0107 spo\u0142eczno-ekonomiczna: wprowadzanie zmian na rzecz zr\u00f3wnowa\u017conego rozwoju\u201d dost\u0119pnym we wszystkich pi\u0119ciu j\u0119zykach partner\u00f3w projektu! odwied\u017a nasz\u0105 Platform\u0119 E-learningow\u0105 Aby zalogowa\u0107 si\u0119 na kurs post\u0119puj zgodnie z poni\u017csz\u0105 instrukcj\u0105!<\/p>\n","protected":false},"author":1,"featured_media":0,"parent":0,"menu_order":0,"comment_status":"closed","ping_status":"closed","template":"","meta":{"footnotes":""},"class_list":["post-1068","page","type-page","status-publish","hentry"],"_links":{"self":[{"href":"https:\/\/socenter.eu\/index.php\/wp-json\/wp\/v2\/pages\/1068","targetHints":{"allow":["GET"]}}],"collection":[{"href":"https:\/\/socenter.eu\/index.php\/wp-json\/wp\/v2\/pages"}],"about":[{"href":"https:\/\/socenter.eu\/index.php\/wp-json\/wp\/v2\/types\/page"}],"author":[{"embeddable":true,"href":"https:\/\/socenter.eu\/index.php\/wp-json\/wp\/v2\/users\/1"}],"replies":[{"embeddable":true,"href":"https:\/\/socenter.eu\/index.php\/wp-json\/wp\/v2\/comments?post=1068"}],"version-history":[{"count":3,"href":"https:\/\/socenter.eu\/index.php\/wp-json\/wp\/v2\/pages\/1068\/revisions"}],"predecessor-version":[{"id":1073,"href":"https:\/\/socenter.eu\/index.php\/wp-json\/wp\/v2\/pages\/1068\/revisions\/1073"}],"wp:attachment":[{"href":"https:\/\/socenter.eu\/index.php\/wp-json\/wp\/v2\/media?parent=1068"}],"curies":[{"name":"wp","href":"https:\/\/api.w.org\/{rel}","templated":true}]}}