{"id":1076,"date":"2024-05-22T10:46:01","date_gmt":"2024-05-22T09:46:01","guid":{"rendered":"https:\/\/socenter.eu\/?page_id=1076"},"modified":"2024-05-22T10:46:01","modified_gmt":"2024-05-22T09:46:01","slug":"plataforma-de-e-learning","status":"publish","type":"page","link":"https:\/\/socenter.eu\/index.php\/pt\/plataforma-de-e-learning\/","title":{"rendered":"Plataforma de e-learning"},"content":{"rendered":"\n<p class=\"has-text-align-center has-white-color has-text-color has-background has-large-font-size\" style=\"background-color:#00a095\"><strong><strong>Participe do nosso curso eletr\u00f4nico &#8220;Empreendedorismo Socioecon\u00f4mico: Impulsionando Mudan\u00e7as para o Desenvolvimento Sustent\u00e1vel&#8221; dispon\u00edvel nos cinco idiomas dos parceiros do projeto!<\/strong><\/strong><\/p>\n\n\n\n<div style=\"height:49px\" aria-hidden=\"true\" class=\"wp-block-spacer\"><\/div>\n\n\n\n<p class=\"has-text-align-center has-black-color has-text-color has-medium-font-size\"><\/p>\n\n\n\n<h3 class=\"wp-block-heading has-text-align-center has-input-field-color has-text-color\" id=\"schedule-a-visit\" style=\"font-size:39px;line-height:1.15\">visite nosso<\/h3>\n\n\n\n<h3 class=\"wp-block-heading has-text-align-center has-input-field-color has-text-color\" id=\"schedule-a-visit\" style=\"font-size:39px;line-height:1.15\">plataforma de e-learning<\/h3>\n\n\n\n<div style=\"height:50px\" aria-hidden=\"true\" class=\"wp-block-spacer\"><\/div>\n\n\n\n<div class=\"wp-block-buttons is-horizontal is-content-justification-center is-layout-flex wp-container-core-buttons-is-layout-03627597 wp-block-buttons-is-layout-flex\">\n<div class=\"wp-block-button has-custom-width wp-block-button__width-75 has-custom-font-size has-system-font-family has-medium-font-size\"><a class=\"wp-block-button__link has-foreground-color has-lite-green-background-color has-text-color has-background wp-element-button\" href=\"https:\/\/moodle.socenter.eu\/\" style=\"border-radius:50px\" target=\"_blank\" rel=\"noreferrer noopener\">&nbsp;https:\/\/moodle.socenter.eu\/<\/a><\/div>\n<\/div>\n\n\n\n<div style=\"height:50px\" aria-hidden=\"true\" class=\"wp-block-spacer\"><\/div>\n\n\n\n<h3 class=\"wp-block-heading has-text-align-center has-input-field-color has-text-color\" id=\"schedule-a-visit\" style=\"font-size:22px;line-height:1.15\"><strong>Para fazer login no curso, siga as instru\u00e7\u00f5es abaixo!<\/strong><\/h3>\n\n\n\n<div style=\"height:50px\" aria-hidden=\"true\" class=\"wp-block-spacer\"><\/div>\n\n\n\n<div data-wp-interactive=\"core\/file\" class=\"wp-block-file\"><object data-wp-bind--hidden=\"!state.hasPdfPreview\" hidden class=\"wp-block-file__embed\" data=\"https:\/\/socenter.eu\/wp-content\/uploads\/2024\/05\/E-learning-platform.pdf\" type=\"application\/pdf\" style=\"width:100%;height:600px\" aria-label=\"Embed of E-learning platform.\"><\/object><a id=\"wp-block-file--media-3a89b651-b53d-44b0-aba0-e9485a4f26c1\" href=\"https:\/\/socenter.eu\/wp-content\/uploads\/2024\/05\/E-learning-platform.pdf\">E-learning platform<\/a><a href=\"https:\/\/socenter.eu\/wp-content\/uploads\/2024\/05\/E-learning-platform.pdf\" class=\"wp-block-file__button wp-element-button\" download aria-describedby=\"wp-block-file--media-3a89b651-b53d-44b0-aba0-e9485a4f26c1\">Pobierz<\/a><\/div>\n","protected":false},"excerpt":{"rendered":"<p>Participe do nosso curso eletr\u00f4nico &#8220;Empreendedorismo Socioecon\u00f4mico: Impulsionando Mudan\u00e7as para o Desenvolvimento Sustent\u00e1vel&#8221; dispon\u00edvel nos cinco idiomas dos parceiros do projeto! visite nosso plataforma de e-learning Para fazer login no curso, siga as instru\u00e7\u00f5es abaixo!<\/p>\n","protected":false},"author":1,"featured_media":0,"parent":0,"menu_order":0,"comment_status":"closed","ping_status":"closed","template":"","meta":{"footnotes":""},"class_list":["post-1076","page","type-page","status-publish","hentry"],"_links":{"self":[{"href":"https:\/\/socenter.eu\/index.php\/wp-json\/wp\/v2\/pages\/1076","targetHints":{"allow":["GET"]}}],"collection":[{"href":"https:\/\/socenter.eu\/index.php\/wp-json\/wp\/v2\/pages"}],"about":[{"href":"https:\/\/socenter.eu\/index.php\/wp-json\/wp\/v2\/types\/page"}],"author":[{"embeddable":true,"href":"https:\/\/socenter.eu\/index.php\/wp-json\/wp\/v2\/users\/1"}],"replies":[{"embeddable":true,"href":"https:\/\/socenter.eu\/index.php\/wp-json\/wp\/v2\/comments?post=1076"}],"version-history":[{"count":1,"href":"https:\/\/socenter.eu\/index.php\/wp-json\/wp\/v2\/pages\/1076\/revisions"}],"predecessor-version":[{"id":1077,"href":"https:\/\/socenter.eu\/index.php\/wp-json\/wp\/v2\/pages\/1076\/revisions\/1077"}],"wp:attachment":[{"href":"https:\/\/socenter.eu\/index.php\/wp-json\/wp\/v2\/media?parent=1076"}],"curies":[{"name":"wp","href":"https:\/\/api.w.org\/{rel}","templated":true}]}}