{"id":1130,"date":"2024-06-14T18:50:34","date_gmt":"2024-06-14T17:50:34","guid":{"rendered":"https:\/\/socenter.eu\/?page_id=1130"},"modified":"2024-06-24T10:49:16","modified_gmt":"2024-06-24T09:49:16","slug":"webinars-e-treinamento","status":"publish","type":"page","link":"https:\/\/socenter.eu\/index.php\/pt\/webinars-e-treinamento\/","title":{"rendered":"Webinars e treinamento"},"content":{"rendered":"\n<div style=\"height:100px\" aria-hidden=\"true\" class=\"wp-block-spacer\"><\/div>\n\n\n\n<p class=\"has-text-align-center has-background-color has-text-color has-background has-link-color has-roboto-font-family wp-elements-cc28a77b62603d0c449c9407fa586bb5\" style=\"background-color:#009e93;font-size:34px\"><strong><strong>Apresentamos o resultado n\u00ba 2 do projeto SOCENTER<\/strong><\/strong><\/p>\n\n\n\n<div style=\"height:100px\" aria-hidden=\"true\" class=\"wp-block-spacer\"><\/div>\n\n\n\n<p class=\"has-text-align-left has-foreground-color has-text-color has-link-color has-roboto-font-family wp-elements-ac3ee9edf31cf4493dcc651b2b59ed49\" style=\"font-size:20px\">O conte\u00fado do nosso manual \u00e9 complementado por webinars e treinamentos. Queremos que os nossos materiais sejam n\u00e3o s\u00f3 te\u00f3ricos, mas tamb\u00e9m pr\u00e1ticos, por isso criamos uma biblioteca de v\u00eddeos que o ajudar\u00e1 a compreender e aplicar melhor os conhecimentos adquiridos. Estes filmes s\u00e3o o resultado do esfor\u00e7o conjunto de todos os parceiros que partilham o seu conhecimento e experi\u00eancia.<\/p>\n\n\n\n<p class=\"has-text-align-left has-foreground-color has-text-color has-link-color has-roboto-font-family wp-elements-e65ccca566a463089e4c045a860b6b1c\" style=\"font-size:20px\">Por que vale a pena usar esses recursos? Eles ajudam voc\u00ea a absorver melhor as informa\u00e7\u00f5es por meio de visualiza\u00e7\u00f5es e demonstra\u00e7\u00f5es. Webinars e treinamentos em v\u00eddeo enriquecem o conte\u00fado do manual, possibilitando uma compreens\u00e3o mais completa do tema. Voc\u00ea pode usar nossos materiais a qualquer hora e em qualquer lugar, facilitando o aprendizado.<\/p>\n\n\n\n<p class=\"has-text-align-left has-foreground-color has-text-color has-link-color has-roboto-font-family wp-elements-1f164131ba40122ca0caa95b332c1a05\" style=\"font-size:20px\">Como parte do projeto, criamos uma plataforma de e-learning que d\u00e1 acesso a diversos materiais educativos sobre empreendedorismo socioecon\u00f3mico e introdu\u00e7\u00e3o de mudan\u00e7as para o desenvolvimento sustent\u00e1vel.<\/p>\n\n\n\n<p class=\"has-text-align-left has-foreground-color has-text-color has-link-color has-roboto-font-family wp-elements-8caef3b7b5acd3fc40822f16e5a1b577\" style=\"font-size:20px\"><strong>Convidamos tamb\u00e9m voc\u00ea a visitar o canal You Tube da Funda\u00e7\u00e3o, onde est\u00e3o dispon\u00edveis v\u00eddeos e webinars do nosso projeto<\/strong><\/p>\n\n\n\n<div style=\"height:40px\" aria-hidden=\"true\" class=\"wp-block-spacer\"><\/div>\n\n\n\n<div class=\"wp-block-buttons alignwide is-horizontal is-content-justification-center is-layout-flex wp-container-core-buttons-is-layout-03627597 wp-block-buttons-is-layout-flex\">\n<div class=\"wp-block-button has-custom-width wp-block-button__width-75 has-custom-font-size has-roboto-font-family\" style=\"font-size:33px\"><a class=\"wp-block-button__link has-background-color has-text-color has-background has-text-align-center wp-element-button\" style=\"border-radius:50px;background-color:#009e93\">NOSSOS FILMES<\/a><\/div>\n<\/div>\n\n\n\n<div style=\"height:50px\" aria-hidden=\"true\" class=\"wp-block-spacer\"><\/div>\n\n\n\n<p class=\"has-foreground-color has-background-secondary-background-color has-text-color has-background has-link-color has-roboto-font-family wp-elements-74581c53250ccf52110ff3a01636fdac\" style=\"font-size:20px\"><strong>Webinar 1 \u2013 Seguran\u00e7a alimentar<\/strong><\/p>\n\n\n\n<p class=\"has-text-align-center has-foreground-color has-text-color has-link-color has-roboto-font-family wp-elements-dccaa3565ad5f2909223e3cbaa78c644\">Assista ao v\u00eddeo do Webinar 1 &#8211; clique no link abaixo:<\/p>\n\n\n\n<div class=\"wp-block-buttons is-horizontal is-content-justification-center is-layout-flex wp-container-core-buttons-is-layout-03627597 wp-block-buttons-is-layout-flex\">\n<div class=\"wp-block-button has-custom-width wp-block-button__width-75 has-custom-font-size is-style-fill has-roboto-font-family\" style=\"font-size:14px\"><a class=\"wp-block-button__link has-background-color has-vivid-red-background-color has-text-color has-background has-text-align-center wp-element-button\" href=\"https:\/\/youtu.be\/hD0N9jQmoK4\" style=\"border-radius:50px\" target=\"_blank\" rel=\"noreferrer noopener\">https:\/\/youtu.be\/hD0N9jQmoK4<\/a><\/div>\n<\/div>\n\n\n\n<div style=\"height:30px\" aria-hidden=\"true\" class=\"wp-block-spacer\"><\/div>\n\n\n\n<p class=\"has-text-align-center has-foreground-color has-text-color has-link-color has-roboto-font-family wp-elements-5009b7e299c2e20ac9f4934a978e5d8f\">apresenta\u00e7\u00e3o para Webinar 1:<\/p>\n\n\n\n<div data-wp-interactive=\"core\/file\" class=\"wp-block-file\"><object data-wp-bind--hidden=\"!state.hasPdfPreview\" hidden class=\"wp-block-file__embed\" data=\"https:\/\/socenter.eu\/wp-content\/uploads\/2024\/06\/webinarium1-port-1-1.pdf\" type=\"application\/pdf\" style=\"width:100%;height:600px\" aria-label=\"Embed of webinarium1-port-1-1.\"><\/object><a id=\"wp-block-file--media-caf8a626-50e0-40b7-be55-232432f467d2\" href=\"https:\/\/socenter.eu\/wp-content\/uploads\/2024\/06\/webinarium1-port-1-1.pdf\">webinarium1-port-1-1<\/a><a href=\"https:\/\/socenter.eu\/wp-content\/uploads\/2024\/06\/webinarium1-port-1-1.pdf\" class=\"wp-block-file__button wp-element-button\" download aria-describedby=\"wp-block-file--media-caf8a626-50e0-40b7-be55-232432f467d2\">Pobierz<\/a><\/div>\n\n\n\n<div style=\"height:50px\" aria-hidden=\"true\" class=\"wp-block-spacer\"><\/div>\n\n\n\n<p class=\"has-foreground-color has-background-secondary-background-color has-text-color has-background has-link-color has-roboto-font-family wp-elements-8bfcd2e9abf59e15f61bfec6471a6009\" style=\"font-size:20px\"><strong>Webinar 2 \u2013 Estilo de vida saud\u00e1vel<\/strong><\/p>\n\n\n\n<p class=\"has-text-align-center has-foreground-color has-text-color has-link-color has-roboto-font-family wp-elements-1145a650e81fc142de59cdef97226610\">Assista ao v\u00eddeo do Webinar 2 &#8211; clique no link abaixo:<\/p>\n\n\n\n<div class=\"wp-block-buttons is-horizontal is-content-justification-center is-layout-flex wp-container-core-buttons-is-layout-03627597 wp-block-buttons-is-layout-flex\">\n<div class=\"wp-block-button has-custom-width wp-block-button__width-75 has-custom-font-size has-roboto-font-family\" style=\"font-size:14px\"><a class=\"wp-block-button__link has-background-color has-vivid-red-background-color has-text-color has-background has-text-align-center wp-element-button\" href=\"https:\/\/youtu.be\/Bvo4eH0x6RM\" style=\"border-radius:50px\" target=\"_blank\" rel=\"noreferrer noopener\">https:\/\/youtu.be\/Bvo4eH0x6RM<\/a><\/div>\n<\/div>\n\n\n\n<div style=\"height:50px\" aria-hidden=\"true\" class=\"wp-block-spacer\"><\/div>\n\n\n\n<p class=\"has-foreground-color has-background-secondary-background-color has-text-color has-background has-link-color has-roboto-font-family wp-elements-32f079d93ecd22c707428610a80891ef\" style=\"font-size:20px\"><strong>Webinar 3 \u2013 Agricultura vertical<\/strong><\/p>\n\n\n\n<p class=\"has-text-align-center has-foreground-color has-text-color has-link-color has-roboto-font-family wp-elements-c6040db6adf4e1af7ead4c70cd497c57\">Assista ao v\u00eddeo do Webinar 3 &#8211; clique no link abaixo:<\/p>\n\n\n\n<div class=\"wp-block-buttons is-horizontal is-content-justification-center is-layout-flex wp-container-core-buttons-is-layout-03627597 wp-block-buttons-is-layout-flex\">\n<div class=\"wp-block-button has-custom-width wp-block-button__width-75 has-custom-font-size has-roboto-font-family\" style=\"font-size:14px\"><a class=\"wp-block-button__link has-background-color has-vivid-red-background-color has-text-color has-background has-text-align-center wp-element-button\" href=\"https:\/\/youtu.be\/rZK-ejdKuFA\" style=\"border-radius:50px\" target=\"_blank\" rel=\"noreferrer noopener\">https:\/\/youtu.be\/rZK-ejdKuFA<\/a><\/div>\n<\/div>\n\n\n\n<div style=\"height:50px\" aria-hidden=\"true\" class=\"wp-block-spacer\"><\/div>\n\n\n\n<p class=\"has-foreground-color has-background-secondary-background-color has-text-color has-background has-link-color has-roboto-font-family wp-elements-1ad891e6929f2a18c7d86ea0b251f177\" style=\"font-size:20px\"><strong>Webinar 4 \u2013 Altera\u00e7\u00f5es clim\u00e1ticas<\/strong><\/p>\n\n\n\n<p class=\"has-text-align-center has-foreground-color has-text-color has-link-color has-roboto-font-family wp-elements-10d46967369542dd91949b04998dacf5\">Assista ao v\u00eddeo do Webinar 4 &#8211; clique no link abaixo:<\/p>\n\n\n\n<div class=\"wp-block-buttons is-horizontal is-content-justification-center is-layout-flex wp-container-core-buttons-is-layout-03627597 wp-block-buttons-is-layout-flex\">\n<div class=\"wp-block-button has-custom-width wp-block-button__width-75 has-custom-font-size has-roboto-font-family\" style=\"font-size:14px\"><a class=\"wp-block-button__link has-background-color has-vivid-red-background-color has-text-color has-background has-text-align-center wp-element-button\" href=\"https:\/\/youtu.be\/HoVfjyH8MwY\" style=\"border-radius:50px\" target=\"_blank\" rel=\"noreferrer noopener\">https:\/\/youtu.be\/HoVfjyH8MwY<\/a><\/div>\n<\/div>\n\n\n\n<div style=\"height:50px\" aria-hidden=\"true\" class=\"wp-block-spacer\"><\/div>\n\n\n\n<p class=\"has-foreground-color has-background-secondary-background-color has-text-color has-background has-link-color has-roboto-font-family wp-elements-14eb3b375c5ccaf0984d5735d32bb173\" style=\"font-size:18px\">Descubra como uma abordagem inovadora aos neg\u00f3cios pode resolver problemas sociais, combinando lucro com uma miss\u00e3o social.<\/p>\n\n\n\n<figure class=\"wp-block-video\"><video height=\"480\" style=\"aspect-ratio: 854 \/ 480;\" width=\"854\" controls src=\"https:\/\/socenter.eu\/wp-content\/uploads\/2024\/06\/ch1-por.mp4\"><\/video><\/figure>\n\n\n\n<div style=\"height:50px\" aria-hidden=\"true\" class=\"wp-block-spacer\"><\/div>\n\n\n\n<p class=\"has-foreground-color has-background-secondary-background-color has-text-color has-background has-link-color has-roboto-font-family wp-elements-aeca2584dd7a6b6760c47633b9ed4d5d\" style=\"font-size:18px\">Descubra quais s\u00e3o as principais qualidades e habilidades necess\u00e1rias para administrar com sucesso uma empresa social e fazer uma diferen\u00e7a positiva em sua comunidade.<\/p>\n\n\n\n<figure class=\"wp-block-video\"><video height=\"1080\" style=\"aspect-ratio: 1920 \/ 1080;\" width=\"1920\" controls src=\"https:\/\/socenter.eu\/wp-content\/uploads\/2024\/06\/ch2-POR.mp4\"><\/video><\/figure>\n\n\n\n<div style=\"height:50px\" aria-hidden=\"true\" class=\"wp-block-spacer\"><\/div>\n\n\n\n<p class=\"has-foreground-color has-background-secondary-background-color has-text-color has-background has-link-color has-roboto-font-family wp-elements-8cbcd2df0fea9ffefbcde0b175fce0dd\" style=\"font-size:18px\">Conhe\u00e7a a hist\u00f3ria de sucesso da Cooperativa Social CUS, que se tornou um modelo para outras iniciativas de economia social na Pol\u00f3nia.<\/p>\n\n\n\n<figure class=\"wp-block-video\"><video height=\"1080\" style=\"aspect-ratio: 1920 \/ 1080;\" width=\"1920\" controls src=\"https:\/\/socenter.eu\/wp-content\/uploads\/2024\/06\/ch3-por.mp4\"><\/video><\/figure>\n\n\n\n<div style=\"height:50px\" aria-hidden=\"true\" class=\"wp-block-spacer\"><\/div>\n\n\n\n<p class=\"has-foreground-color has-background-secondary-background-color has-text-color has-background has-link-color has-roboto-font-family wp-elements-cb1a569f7e469e70bf213ebedb1ca22c\" style=\"font-size:18px\">Descubra a import\u00e2ncia da educa\u00e7\u00e3o na forma\u00e7\u00e3o de futuros empreendedores sociais e aprenda como adquirir o conhecimento e as habilidades necess\u00e1rias.<\/p>\n\n\n\n<figure class=\"wp-block-video\"><video height=\"480\" style=\"aspect-ratio: 854 \/ 480;\" width=\"854\" controls src=\"https:\/\/socenter.eu\/wp-content\/uploads\/2024\/06\/ch4-por.mp4\"><\/video><\/figure>\n\n\n\n<div style=\"height:50px\" aria-hidden=\"true\" class=\"wp-block-spacer\"><\/div>\n\n\n\n<p class=\"has-foreground-color has-background-secondary-background-color has-text-color has-background has-link-color has-roboto-font-family wp-elements-13e3c6abb220eecf1bc070143b3a0470\" style=\"font-size:18px\">Mergulhe nos desafios e benef\u00edcios da gest\u00e3o de cooperativas sociais e aprenda como gerir eficazmente estes tipos de organiza\u00e7\u00f5es.<\/p>\n\n\n\n<figure class=\"wp-block-video\"><video height=\"1080\" style=\"aspect-ratio: 1920 \/ 1080;\" width=\"1920\" controls src=\"https:\/\/socenter.eu\/wp-content\/uploads\/2024\/06\/ch5-por.mp4\"><\/video><\/figure>\n\n\n\n<div style=\"height:50px\" aria-hidden=\"true\" class=\"wp-block-spacer\"><\/div>\n\n\n\n<p class=\"has-foreground-color has-background-secondary-background-color has-text-color has-background has-link-color has-roboto-font-family wp-elements-8be07eacdadee1b279f9a9d2b011877c\" style=\"font-size:18px\">Veja como cooperativas sociais como a CUS Drobin est\u00e3o contribuindo para melhorar a sa\u00fade p\u00fablica e melhorar a qualidade de vida nas comunidades.<\/p>\n\n\n\n<figure class=\"wp-block-video\"><video height=\"480\" style=\"aspect-ratio: 854 \/ 480;\" width=\"854\" controls src=\"https:\/\/socenter.eu\/wp-content\/uploads\/2024\/06\/ch6-por.mp4\"><\/video><\/figure>\n\n\n\n<div style=\"height:50px\" aria-hidden=\"true\" class=\"wp-block-spacer\"><\/div>\n\n\n\n<p class=\"has-foreground-color has-background-secondary-background-color has-text-color has-background has-link-color has-roboto-font-family wp-elements-e79958856e1a96e5ab18cdb4a7b1c478\" style=\"font-size:18px\">Aprenda como lidar com os desafios t\u00e9cnicos de administrar uma empresa para alcan\u00e7ar efici\u00eancia e sustentabilidade.<\/p>\n\n\n\n<figure class=\"wp-block-video\"><video height=\"480\" style=\"aspect-ratio: 854 \/ 480;\" width=\"854\" controls src=\"https:\/\/socenter.eu\/wp-content\/uploads\/2024\/06\/ch7-por.mp4\"><\/video><\/figure>\n\n\n\n<div style=\"height:50px\" aria-hidden=\"true\" class=\"wp-block-spacer\"><\/div>\n\n\n\n<p class=\"has-foreground-color has-background-secondary-background-color has-text-color has-background has-link-color has-roboto-font-family wp-elements-826b188b7b552b29160cf701a52af3b3\" style=\"font-size:18px\">Descubra como o empreendedorismo social nas profiss\u00f5es de jardinagem vertical e altera\u00e7\u00f5es clim\u00e1ticas pode contribuir para o desenvolvimento sustent\u00e1vel e a luta contra as altera\u00e7\u00f5es clim\u00e1ticas.<\/p>\n\n\n\n<figure class=\"wp-block-video aligncenter\"><video height=\"480\" style=\"aspect-ratio: 854 \/ 480;\" width=\"854\" controls src=\"https:\/\/socenter.eu\/wp-content\/uploads\/2024\/06\/ch8-por.mp4\"><\/video><\/figure>\n\n\n\n<div style=\"height:50px\" aria-hidden=\"true\" class=\"wp-block-spacer\"><\/div>\n\n\n\n<p class=\"has-foreground-color has-background-secondary-background-color has-text-color has-background has-link-color has-roboto-font-family wp-elements-ed060dd4cc0d8e10725c8b86b71cc132\" style=\"font-size:18px\">O que \u00e9 empreendedorismo social e como ele impacta positivamente a sociedade? &#8211; IEDs<\/p>\n\n\n\n<figure class=\"wp-block-video\"><video height=\"1080\" style=\"aspect-ratio: 1920 \/ 1080;\" width=\"1920\" controls src=\"https:\/\/socenter.eu\/wp-content\/uploads\/2024\/06\/1_Czym_jest_przedsiA\u0084A\u0099biorczoA\u0085A\u009bA\u0084A\u0087_spoA\u0085A\u0082eczna_i_jak_pozytywnie_wpA\u0085A\u0082ywa_na_spoA\u0085A\u0082eczeA\u0085A\u0084stwo_-_IED.mp4\"><\/video><\/figure>\n\n\n\n<div style=\"height:50px\" aria-hidden=\"true\" class=\"wp-block-spacer\"><\/div>\n\n\n\n<p class=\"has-foreground-color has-background-secondary-background-color has-text-color has-background has-link-color has-roboto-font-family wp-elements-da879a21e32628dcc64c31b9758aec77\" style=\"font-size:18px\">De que compet\u00eancias e qualidades os empreendedores sociais necessitam? Como eles podem realizar seus sonhos de iniciar uma empresa social? \u2013 IEDs<\/p>\n\n\n\n<figure class=\"wp-block-video\"><video height=\"1080\" style=\"aspect-ratio: 1920 \/ 1080;\" width=\"1920\" controls src=\"https:\/\/socenter.eu\/wp-content\/uploads\/2024\/06\/2_Jakich_umiejA\u0084A\u0099tnoA\u0085A\u009bci_i_cech_potrzebujA\u0084_przedsiA\u0084A\u0099biorcy_spoA\u0085A\u0082eczni_W_jaki_sposA\u0083A\u00b3b_mogA\u0084_zrealizowaA\u0084A\u0087_swoje_marzenia_o_zaA\u0085A\u0082oA\u0085A\u00bceniu_przedsiA\u0084A\u0099biorstwa_spoA\u0085A\u0082ecznego_A\u00a2A\u0080A\u0093_IED_.mp4\"><\/video><\/figure>\n\n\n\n<div style=\"height:50px\" aria-hidden=\"true\" class=\"wp-block-spacer\"><\/div>\n\n\n\n<p class=\"has-foreground-color has-background-secondary-background-color has-text-color has-background has-link-color has-roboto-font-family wp-elements-5e4f4b290bbc8c14685f833aa0e77e96\" style=\"font-size:18px\">Como o empreendedorismo social muda a nossa percep\u00e7\u00e3o dos neg\u00f3cios e do empreendedorismo? &#8211; IEDs<\/p>\n\n\n\n<figure class=\"wp-block-video\"><video height=\"1080\" style=\"aspect-ratio: 1920 \/ 1080;\" width=\"1920\" controls src=\"https:\/\/socenter.eu\/wp-content\/uploads\/2024\/06\/3_W_jaki_sposA\u0083A\u00b3b_przedsiA\u0084A\u0099biorczoA\u0085A\u009bA\u0084A\u0087_spoA\u0085A\u0082eczna_zmienia_nasze_postrzeganie_biznesu_i_przedsiA\u0084A\u0099biorczoA\u0085A\u009bci_-_IED.mp4\"><\/video><\/figure>\n\n\n\n<div style=\"height:50px\" aria-hidden=\"true\" class=\"wp-block-spacer\"><\/div>\n\n\n\n<p class=\"has-foreground-color has-background-secondary-background-color has-text-color has-background has-link-color has-roboto-font-family wp-elements-64eb5430c4d798725a859215074b5b5c\" style=\"font-size:18px\">Relato de caso de uma empresa social (BRAINSHOT SAFE) &#8211; IED<\/p>\n\n\n\n<figure class=\"wp-block-video\"><video height=\"1080\" style=\"aspect-ratio: 1920 \/ 1080;\" width=\"1920\" controls src=\"https:\/\/socenter.eu\/wp-content\/uploads\/2024\/06\/4_Opis_przypadku_przedsiA\u0084A\u0099biorstwa_spoA\u0085A\u0082ecznego_BRAINSHOT_SAFE_-_IED.mp4\"><\/video><\/figure>\n\n\n\n<div style=\"height:50px\" aria-hidden=\"true\" class=\"wp-block-spacer\"><\/div>\n\n\n\n<p class=\"has-foreground-color has-background-secondary-background-color has-text-color has-background has-link-color has-roboto-font-family wp-elements-23943f0975ac9fbb454f92cd5a13d819\" style=\"font-size:18px\">Apresenta\u00e7\u00e3o do centro de educa\u00e7\u00e3o de adultos Qualifica &#8211; Epralima<\/p>\n\n\n\n<figure class=\"wp-block-video\"><video height=\"1080\" style=\"aspect-ratio: 1920 \/ 1080;\" width=\"1920\" controls src=\"https:\/\/socenter.eu\/wp-content\/uploads\/2024\/06\/5_Przedstawienie_centrum_Qualifica_ksztaA\u0085A\u0082cA\u0084cego_dorosA\u0085A\u0082ych_-_Epralima.mp4\"><\/video><\/figure>\n\n\n\n<div style=\"height:50px\" aria-hidden=\"true\" class=\"wp-block-spacer\"><\/div>\n\n\n\n<div style=\"height:100px\" aria-hidden=\"true\" class=\"wp-block-spacer\"><\/div>\n\n\n\n<div class=\"wp-block-buttons alignwide is-horizontal is-content-justification-center is-layout-flex wp-container-core-buttons-is-layout-03627597 wp-block-buttons-is-layout-flex\">\n<div class=\"wp-block-button has-custom-width wp-block-button__width-75 has-custom-font-size has-roboto-font-family\" style=\"font-size:31px\"><a class=\"wp-block-button__link has-background-color has-text-color has-background has-text-align-center wp-element-button\" style=\"border-radius:50px;background-color:#009e93\">RECOMENDAMOS MATERIAIS DE V\u00cdDEO:<\/a><\/div>\n<\/div>\n\n\n\n<div style=\"height:40px\" aria-hidden=\"true\" class=\"wp-block-spacer\"><\/div>\n\n\n\n<p class=\"has-foreground-color has-text-color has-link-color has-roboto-font-family wp-elements-cbd77e38ca62ccc1aa557e6efa02f51e\" style=\"font-size:24px;line-height:2\">Al\u00e9m de nossos materiais originais, tamb\u00e9m recomendamos webinars e treinamentos dispon\u00edveis em diversas plataformas que podem ajudar voc\u00ea a entender melhor o tema e ampliar seus conhecimentos:<\/p>\n\n\n\n<div style=\"height:100px\" aria-hidden=\"true\" class=\"wp-block-spacer\"><\/div>\n\n\n\n<p class=\"has-foreground-color has-background-secondary-background-color has-text-color has-background has-link-color has-roboto-font-family wp-elements-4fc13e6e620aa7bd3c0b57d7b1dcba19\" style=\"font-size:20px;line-height:1.8\"><strong>Google Digital Garage &#8211; <\/strong><a href=\"https:\/\/events.withgoogle.com\/digitalgaragewebinars\/weekly-webinars\/\">https:\/\/events.withgoogle.com\/digitalgaragewebinars\/weekly-webinars\/<\/a> &#8211; Plataforma Google que oferece webinars online que ajudar\u00e3o voc\u00ea a melhorar suas habilidades de informa\u00e7\u00e3o, montar uma loja online ou at\u00e9 mesmo criar um modelo de neg\u00f3cios para sua empresa .<\/p>\n\n\n\n<p class=\"has-link-color has-roboto-font-family wp-elements-d1d4b7dcda9bfb67b110cadaa6c6d453\" style=\"font-size:20px;line-height:1.8\"><\/p>\n\n\n\n<p class=\"has-foreground-color has-background-secondary-background-color has-text-color has-background has-link-color has-roboto-font-family wp-elements-f3304d447c2165a5885c951fd242361e\" style=\"font-size:20px;line-height:1.8\"><strong>LinkedIn Learning<\/strong> &#8211; <a href=\"https:\/\/www.linkedin.com\/learning\/?originalSubdomain=pl\">https:\/\/www.linkedin.com\/learning\/?originalSubdomain=pl<\/a> originalSubdomain=pl Um site que recomenda cursos que o ajudar\u00e3o a desenvolver sua carreira e identificar as habilidades necess\u00e1rias para iniciar uma carreira no setor escolhido.<\/p>\n\n\n\n<p class=\"has-link-color has-roboto-font-family wp-elements-d1d4b7dcda9bfb67b110cadaa6c6d453\" style=\"font-size:20px;line-height:1.8\"><\/p>\n\n\n\n<p class=\"has-foreground-color has-background-secondary-background-color has-text-color has-background has-link-color has-roboto-font-family wp-elements-787acd68257d0b80fd9b6bb1f45af9f0\" style=\"font-size:20px;line-height:1.8\"><strong>Akademia Webinaru<\/strong> &#8211; <a href=\"https:\/\/akademiawebinaru.pl\/\">https:\/\/akademiawebinaru.pl\/<\/a> . Sua miss\u00e3o \u00e9 criar uma biblioteca digital abrangente que ofere\u00e7a materiais did\u00e1ticos de forma acess\u00edvel. A plataforma oferece mais de 220 cursos de forma\u00e7\u00e3o online para formadores, professores e conselheiros de carreira.<\/p>\n\n\n\n<p class=\"has-link-color has-roboto-font-family wp-elements-d1d4b7dcda9bfb67b110cadaa6c6d453\" style=\"font-size:20px;line-height:1.8\"><\/p>\n\n\n\n<p class=\"has-foreground-color has-background-secondary-background-color has-text-color has-background has-link-color has-roboto-font-family wp-elements-6c7e30caace1399640b63d2a8ec90044\" style=\"font-size:20px;line-height:1.8\"><strong>Eventis<\/strong> &#8211; <a href=\"https:\/\/eventis.pl\/webinary\">https:\/\/eventis.pl\/webinary<\/a> Cat\u00e1logo de ofertas de treinamento, workshops e webinars de diversas categorias, como empresarial, industrial, profissional ou TI.<\/p>\n\n\n\n<p class=\"has-link-color has-roboto-font-family wp-elements-d1d4b7dcda9bfb67b110cadaa6c6d453\" style=\"font-size:20px;line-height:1.8\"><\/p>\n\n\n\n<p class=\"has-foreground-color has-background-secondary-background-color has-text-color has-background has-link-color has-roboto-font-family wp-elements-b0c61762f0ab2ea216041d9a59b492c9\" style=\"font-size:20px;line-height:1.8\"><strong>Centro de Informa\u00e7\u00e3o e Consulta de Servi\u00e7os de Emprego &#8220;Zielona Linia&#8221; <\/strong><a href=\"https:\/\/zielonalinia.gov.pl\/poradniki-video\">https:\/\/zielonalinia.gov.pl\/poradniki-video<\/a> &#8211; A miss\u00e3o do portal \u00e9 ajudar quem procura emprego, formas de melhorar as suas qualifica\u00e7\u00f5es e empregadores que procuram empregados A plataforma tem. v\u00eddeos instrutivos gratuitos sobre, entre outros: envio de uma oferta de emprego ao escrit\u00f3rio de emprego, equipamento do local de trabalho ou treinamento no Minist\u00e9rio do Trabalho.<\/p>\n\n\n\n<p class=\"has-link-color has-roboto-font-family wp-elements-d1d4b7dcda9bfb67b110cadaa6c6d453\" style=\"font-size:20px;line-height:1.8\"><\/p>\n\n\n\n<p class=\"has-foreground-color has-background-secondary-background-color has-text-color has-background has-link-color has-roboto-font-family wp-elements-eba9a3d332580678ce3808da67f32ef0\" style=\"font-size:20px;line-height:1.8\"><strong>Udemy <\/strong>&#8211; <a href=\"https:\/\/www.udemy.com\/\">https:\/\/www.udemy.com\/<\/a> &#8211; Oferece 220.000 cursos em v\u00eddeo online cobrindo diversas categorias, como marketing, desenvolvimento pessoal e fotografia. Gra\u00e7as \u00e0 plataforma, voc\u00ea desenvolver\u00e1 o seu<\/p>\n\n\n\n<p class=\"has-link-color has-roboto-font-family wp-elements-d1d4b7dcda9bfb67b110cadaa6c6d453\" style=\"font-size:20px;line-height:1.8\"><\/p>\n\n\n\n<p class=\"has-foreground-color has-background-secondary-background-color has-text-color has-background has-link-color has-roboto-font-family wp-elements-78e655ff52212da65f7b2e9db33a7feb\" style=\"font-size:20px;line-height:1.8\"><strong>Coursera <\/strong>&#8211; <a href=\"https:\/\/www.coursera.org\/\">https:\/\/www.coursera.org\/<\/a> &#8211; Plataforma que oferece cursos ministrados por universidades e institutos cient\u00edficos, que ajudar\u00e3o a aprimorar suas habilidades profissionais e aprimorar seus interesses. Atrav\u00e9s da plataforma voc\u00ea pode obter certificados e estudar online em universidades estrangeiras famosas.<\/p>\n\n\n\n<ol class=\"wp-block-list\">\n<li><\/li>\n<\/ol>\n","protected":false},"excerpt":{"rendered":"<p>Apresentamos o resultado n\u00ba 2 do projeto SOCENTER O conte\u00fado do nosso manual \u00e9 complementado por webinars e treinamentos. Queremos que os nossos materiais sejam n\u00e3o s\u00f3 te\u00f3ricos, mas tamb\u00e9m pr\u00e1ticos, por isso criamos uma biblioteca de v\u00eddeos que o ajudar\u00e1 a&#8230;<\/p>\n","protected":false},"author":1,"featured_media":0,"parent":0,"menu_order":0,"comment_status":"closed","ping_status":"closed","template":"","meta":{"footnotes":""},"class_list":["post-1130","page","type-page","status-publish","hentry"],"_links":{"self":[{"href":"https:\/\/socenter.eu\/index.php\/wp-json\/wp\/v2\/pages\/1130","targetHints":{"allow":["GET"]}}],"collection":[{"href":"https:\/\/socenter.eu\/index.php\/wp-json\/wp\/v2\/pages"}],"about":[{"href":"https:\/\/socenter.eu\/index.php\/wp-json\/wp\/v2\/types\/page"}],"author":[{"embeddable":true,"href":"https:\/\/socenter.eu\/index.php\/wp-json\/wp\/v2\/users\/1"}],"replies":[{"embeddable":true,"href":"https:\/\/socenter.eu\/index.php\/wp-json\/wp\/v2\/comments?post=1130"}],"version-history":[{"count":11,"href":"https:\/\/socenter.eu\/index.php\/wp-json\/wp\/v2\/pages\/1130\/revisions"}],"predecessor-version":[{"id":1511,"href":"https:\/\/socenter.eu\/index.php\/wp-json\/wp\/v2\/pages\/1130\/revisions\/1511"}],"wp:attachment":[{"href":"https:\/\/socenter.eu\/index.php\/wp-json\/wp\/v2\/media?parent=1130"}],"curies":[{"name":"wp","href":"https:\/\/api.w.org\/{rel}","templated":true}]}}