{"id":1134,"date":"2024-06-14T18:51:19","date_gmt":"2024-06-14T17:51:19","guid":{"rendered":"https:\/\/socenter.eu\/?page_id=1134"},"modified":"2024-06-23T15:58:52","modified_gmt":"2024-06-23T14:58:52","slug":"plataforma-de-financiamento-coletivo","status":"publish","type":"page","link":"https:\/\/socenter.eu\/index.php\/pt\/plataforma-de-financiamento-coletivo\/","title":{"rendered":"Plataforma de crowdsourcing"},"content":{"rendered":"\n<div style=\"height:100px\" aria-hidden=\"true\" class=\"wp-block-spacer\"><\/div>\n\n\n\n<p class=\"has-text-align-center has-background-color has-text-color has-background has-link-color has-roboto-font-family wp-elements-46aabf317eacfc901bea60533df6633a\" style=\"background-color:#009e93;font-size:34px\"><strong>Apresentamos o resultado n\u00ba 2 do projeto<\/strong><\/p>\n\n\n\n<div style=\"height:100px\" aria-hidden=\"true\" class=\"wp-block-spacer\"><\/div>\n\n\n\n<p class=\"has-text-align-center has-foreground-color has-text-color has-link-color has-roboto-font-family wp-elements-cddc92dba662d213f4f79227c38b85ab\" style=\"font-size:24px\">Como parte do nosso projeto, criamos um grupo no Facebook dedicado ao crowdsourcing. Incentivamos voc\u00ea a se juntar a n\u00f3s para participar da discuss\u00e3o, trocar ideias e encontrar pessoas dispostas a cooperar em seu projeto:<\/p>\n\n\n\n<div class=\"wp-block-buttons alignwide is-horizontal is-content-justification-center is-layout-flex wp-container-core-buttons-is-layout-03627597 wp-block-buttons-is-layout-flex\">\n<div class=\"wp-block-button has-custom-width wp-block-button__width-75 has-custom-font-size has-system-font-family has-medium-font-size\"><a class=\"wp-block-button__link has-background-color has-dark-blue-background-color has-text-color has-background has-text-align-center wp-element-button\" href=\"https:\/\/www.facebook.com\/groups\/915622153656860\" style=\"border-radius:50px\" target=\"_blank\" rel=\"noreferrer noopener\">https:\/\/www.facebook.com\/groups\/915622153656860<\/a><\/div>\n<\/div>\n\n\n\n<div style=\"height:64px\" aria-hidden=\"true\" class=\"wp-block-spacer\"><\/div>\n\n\n\n<p class=\"has-text-align-left has-foreground-color has-text-color has-link-color has-roboto-font-family wp-elements-f9826f1cf49e8a89bbd01a7d93da56da\" style=\"font-size:24px\"><strong>O que \u00e9 crowdsourcing e por que us\u00e1-lo?<\/strong><\/p>\n\n\n\n<p><\/p>\n\n\n\n<p class=\"has-foreground-color has-text-color has-link-color has-roboto-font-family wp-elements-3af92a7bf744fc43918d7f197e97b94c\" style=\"font-size:20px;line-height:1.8\">Crowdsourcing envolve a obten\u00e7\u00e3o de trabalho, informa\u00e7\u00f5es ou opini\u00f5es de um grande grupo de pessoas que enviam seus dados atrav\u00e9s da Internet, redes sociais e aplicativos para smartphones <a href=\"https:\/\/www.investopedia.com\/terms\/c\/crowdsourcing.asp.\">https:\/\/www.investopedia.com\/terms\/c\/crowdsourcing.asp.<\/a> O termo foi cunhado em 2006, quando os editores da Wired, Jeff Howe e Mark Robinson, o usaram para descrever o uso da Internet para gerar e conectar ideias <a href=\"https:\/\/www.wired.com\/2006\/06\/crowds\/.\">https:\/\/www.wired.com\/2006\/06\/crowds\/.<\/a><\/p>\n\n\n\n<p class=\"has-foreground-color has-text-color has-link-color has-roboto-font-family wp-elements-c881acb09ff667a0abdb63d45dde51d4\" style=\"font-size:20px;line-height:1.8\">Toda a informa\u00e7\u00e3o relacionada com a plataforma est\u00e1 publicada na Epale <a href=\"https:\/\/epale.ec.europa.eu\/pl\/user\/208531\">https:\/\/epale.ec.europa.eu\/pl\/user\/208531<\/a> e no Linkedin <a href=\"https:\/\/www.linkedin.com\/in\/zbigniew-d%C4%85browski- 378bb5159\/\">https:\/\/www.linkedin.com\/in\/zbigniew-d%C4%85browski- 378bb5159\/<\/a><\/p>\n\n\n\n<div style=\"height:40px\" aria-hidden=\"true\" class=\"wp-block-spacer\"><\/div>\n\n\n\n<p class=\"has-text-align-left has-foreground-color has-text-color has-link-color has-roboto-font-family wp-elements-9ccde6f7d19a07341fa83593b355d82b\" style=\"font-size:24px\"><strong>O crowdsourcing \u00e9 baseado em quatro conceitos b\u00e1sicos:<\/strong><\/p>\n\n\n\n<p class=\"has-text-align-left has-foreground-color has-text-color has-link-color has-roboto-font-family wp-elements-830e7632a7e337266c337909ddc7852e\" style=\"font-size:20px\">&#8211;  adquirir conhecimento atrav\u00e9s da resolu\u00e7\u00e3o de problemas,<\/p>\n\n\n\n<p class=\"has-text-align-left has-foreground-color has-text-color has-link-color has-roboto-font-family wp-elements-a2c6b583300f41483501dd711e2420ae\" style=\"font-size:20px\">&#8211; cria\u00e7\u00e3o de novos conte\u00fados (como no caso da Wikip\u00e9dia),<\/p>\n\n\n\n<p class=\"has-text-align-left has-foreground-color has-text-color has-link-color has-roboto-font-family wp-elements-889ab4a65d8e330310da5f1d754a5a06\" style=\"font-size:20px\">&#8211; vota\u00e7\u00e3o<\/p>\n\n\n\n<p class=\"has-text-align-left has-foreground-color has-text-color has-link-color has-roboto-font-family wp-elements-82a1768d63a87c2d22db2f88655b9e28\" style=\"font-size:20px\">&#8211; crowdfunding, ou seja, recolha de fundos atrav\u00e9s de pequenas contribui\u00e7\u00f5es de um grande n\u00famero de pessoas.<\/p>\n\n\n\n<div style=\"height:40px\" aria-hidden=\"true\" class=\"wp-block-spacer\"><\/div>\n\n\n\n<p class=\"has-text-align-left has-foreground-color has-text-color has-link-color has-roboto-font-family wp-elements-d3be273242b92cb9a35552bc8aea5a6e\" style=\"font-size:24px\"><strong>Para que serve o crowdsourcing?<\/strong><\/p>\n\n\n\n<p class=\"has-foreground-color has-text-color has-link-color has-roboto-font-family wp-elements-4aadfc813c7e85a66b08e32b4a7eb1b5\" style=\"font-size:20px;line-height:1.7\">&#8211; O crowdsourcing permite que voc\u00ea tenha ideias novas e criativas que talvez n\u00e3o sejam poss\u00edveis nas estruturas organizacionais tradicionais.<\/p>\n\n\n\n<p class=\"has-foreground-color has-text-color has-link-color has-roboto-font-family wp-elements-63b05dc730facd275a4b09598818dd7b\" style=\"font-size:20px;line-height:1.7\">&#8211; Utilizar o conhecimento e a experi\u00eancia de pessoas de diferentes origens e regi\u00f5es permite solu\u00e7\u00f5es mais abrangentes e inovadoras.<\/p>\n\n\n\n<p class=\"has-foreground-color has-text-color has-link-color has-roboto-font-family wp-elements-74c65cfde1474f559a9b95e4f1049c92\" style=\"font-size:20px;line-height:1.7\">&#8211; Com o crowdsourcing, os resultados podem ser alcan\u00e7ados a custos mais baixos porque est\u00e1 envolvido um vasto leque de volunt\u00e1rios ou especialistas externos.<\/p>\n\n\n\n<figure class=\"wp-block-image alignfull size-large wp-duotone-unset-1\"><img loading=\"lazy\" decoding=\"async\" width=\"1024\" height=\"683\" src=\"https:\/\/socenter.eu\/wp-content\/uploads\/2024\/06\/crscg-1024x683.jpg\" alt=\"\" class=\"wp-image-1203\" srcset=\"https:\/\/socenter.eu\/wp-content\/uploads\/2024\/06\/crscg-1024x683.jpg 1024w, https:\/\/socenter.eu\/wp-content\/uploads\/2024\/06\/crscg-300x200.jpg 300w, https:\/\/socenter.eu\/wp-content\/uploads\/2024\/06\/crscg-768x512.jpg 768w, https:\/\/socenter.eu\/wp-content\/uploads\/2024\/06\/crscg-1536x1024.jpg 1536w, https:\/\/socenter.eu\/wp-content\/uploads\/2024\/06\/crscg-2048x1365.jpg 2048w\" sizes=\"auto, (max-width: 1024px) 100vw, 1024px\" \/><\/figure>\n\n\n\n<div style=\"height:40px\" aria-hidden=\"true\" class=\"wp-block-spacer\"><\/div>\n\n\n\n<p class=\"has-text-align-left has-foreground-color has-text-color has-link-color has-roboto-font-family wp-elements-1b047db5a438bedece6f2d6019227323\" style=\"font-size:23px\"><strong>Onde voc\u00ea pode procurar crowdsourcing?<\/strong><\/p>\n\n\n\n<p><\/p>\n\n\n\n<p class=\"has-foreground-color has-text-color has-link-color has-roboto-font-family wp-elements-6cecfe8bbf1f8a1ed4b73ce393ba1307\" style=\"font-size:20px;line-height:1.8\"><strong>1.<\/strong> Amazon Mechanical Turk (MTurk)<a href=\" https:\/\/www.mturk.com\/worker \"> https:\/\/www.mturk.com\/worker <\/a>\u2013 Mercado virtual de crowdsourcing criado pela Amazon. O servi\u00e7o permite terceirizar tarefas simples, como verifica\u00e7\u00e3o de pesquisas, reda\u00e7\u00e3o de transcri\u00e7\u00f5es ou verifica\u00e7\u00e3o de tradu\u00e7\u00f5es.<\/p>\n\n\n\n<p class=\"has-foreground-color has-text-color has-link-color has-roboto-font-family wp-elements-fbf48390648e5f502baccb52bcfd746e\" style=\"font-size:20px;line-height:1.8\"><strong>2.<\/strong> Upwork <a href=\"https:\/\/www.upwork.com\/\">https:\/\/www.upwork.com\/<\/a> A plataforma permite que empresas contratem profissionais para seus projetos. Funcion\u00e1rios em potencial podem us\u00e1-lo para enviar curr\u00edculos, gerenciar projetos e navegar por ofertas de emprego.<\/p>\n\n\n\n<p class=\"has-foreground-color has-text-color has-link-color has-roboto-font-family wp-elements-19632024dc1028fae5e51b747caf26d1\" style=\"font-size:20px;line-height:1.8\"><strong>3.<\/strong> Existem tamb\u00e9m plataformas de crowdsourcing que se concentram numa disciplina espec\u00edfica, por exemplo, projetos criativos. Exemplos de tais plataformas s\u00e3o Crowdspring <a href=\"https:\/\/www.crowdspring.com\/\">https:\/\/www.crowdspring.com\/<\/a> e DesignCrowd <a href=\"https:\/\/www.designcrowd.com\/\">https:\/\/www.designcrowd.com\/<\/a>. Os clientes enviam suas ideias para o design de logotipos, gr\u00e1ficos e outros elementos gr\u00e1ficos, e funcion\u00e1rios de todo o mundo enviam suas propostas de design.<\/p>\n\n\n\n<p class=\"has-foreground-color has-text-color has-link-color has-roboto-font-family wp-elements-10f34a03d3a2f042f839a38298a657de\" style=\"font-size:20px;line-height:1.8\"><strong>4.<\/strong> HeroX <a href=\"https:\/\/www.herox.com\/\">https:\/\/www.herox.com\/<\/a> e Wazoku Crowd <a href=\"https:\/\/www.wazokucrowd.com\/\">https:\/\/www.wazokucrowd.com\/<\/a> s\u00e3o exemplos de plataformas dedicadas a encontrar solu\u00e7\u00f5es para problemas cient\u00edficos e empresariais. Eles conectam empresas a uma comunidade de inovadores. As empresas publicam ali os seus desafios, para os quais procuram solu\u00e7\u00f5es criativas e inovadoras, e os colaboradores apresentam as suas ideias para os resolver.<\/p>\n\n\n\n<figure class=\"wp-block-image alignfull size-large\"><img loading=\"lazy\" decoding=\"async\" width=\"1024\" height=\"683\" src=\"https:\/\/socenter.eu\/wp-content\/uploads\/2024\/06\/crscg1-1024x683.jpg\" alt=\"\" class=\"wp-image-1205\" srcset=\"https:\/\/socenter.eu\/wp-content\/uploads\/2024\/06\/crscg1-1024x683.jpg 1024w, https:\/\/socenter.eu\/wp-content\/uploads\/2024\/06\/crscg1-300x200.jpg 300w, https:\/\/socenter.eu\/wp-content\/uploads\/2024\/06\/crscg1-768x512.jpg 768w, https:\/\/socenter.eu\/wp-content\/uploads\/2024\/06\/crscg1-1536x1024.jpg 1536w, https:\/\/socenter.eu\/wp-content\/uploads\/2024\/06\/crscg1-2048x1365.jpg 2048w\" sizes=\"auto, (max-width: 1024px) 100vw, 1024px\" \/><\/figure>\n\n\n\n<div style=\"height:100px\" aria-hidden=\"true\" class=\"wp-block-spacer\"><\/div>\n\n\n\n<p class=\"has-text-align-left has-foreground-color has-text-color has-link-color has-roboto-font-family wp-elements-7da4bde5dcb57b300064df499d476143\" style=\"font-size:23px\">Nosso grupo de crowdsourcing:<\/p>\n\n\n\n<div style=\"height:37px\" aria-hidden=\"true\" class=\"wp-block-spacer\"><\/div>\n\n\n\n<figure class=\"wp-block-image alignwide size-large\"><img loading=\"lazy\" decoding=\"async\" width=\"1024\" height=\"1024\" src=\"https:\/\/socenter.eu\/wp-content\/uploads\/2024\/06\/5-1024x1024.png\" alt=\"\" class=\"wp-image-1316\" srcset=\"https:\/\/socenter.eu\/wp-content\/uploads\/2024\/06\/5-1024x1024.png 1024w, https:\/\/socenter.eu\/wp-content\/uploads\/2024\/06\/5-300x300.png 300w, https:\/\/socenter.eu\/wp-content\/uploads\/2024\/06\/5-150x150.png 150w, https:\/\/socenter.eu\/wp-content\/uploads\/2024\/06\/5-768x768.png 768w, https:\/\/socenter.eu\/wp-content\/uploads\/2024\/06\/5.png 1080w\" sizes=\"auto, (max-width: 1024px) 100vw, 1024px\" \/><\/figure>\n","protected":false},"excerpt":{"rendered":"<p>Apresentamos o resultado n\u00ba 2 do projeto Como parte do nosso projeto, criamos um grupo no Facebook dedicado ao crowdsourcing. Incentivamos voc\u00ea a se juntar a n\u00f3s para participar da discuss\u00e3o, trocar ideias e encontrar pessoas dispostas a cooperar em seu projeto:&#8230;<\/p>\n","protected":false},"author":1,"featured_media":0,"parent":0,"menu_order":0,"comment_status":"closed","ping_status":"closed","template":"","meta":{"footnotes":""},"class_list":["post-1134","page","type-page","status-publish","hentry"],"_links":{"self":[{"href":"https:\/\/socenter.eu\/index.php\/wp-json\/wp\/v2\/pages\/1134","targetHints":{"allow":["GET"]}}],"collection":[{"href":"https:\/\/socenter.eu\/index.php\/wp-json\/wp\/v2\/pages"}],"about":[{"href":"https:\/\/socenter.eu\/index.php\/wp-json\/wp\/v2\/types\/page"}],"author":[{"embeddable":true,"href":"https:\/\/socenter.eu\/index.php\/wp-json\/wp\/v2\/users\/1"}],"replies":[{"embeddable":true,"href":"https:\/\/socenter.eu\/index.php\/wp-json\/wp\/v2\/comments?post=1134"}],"version-history":[{"count":5,"href":"https:\/\/socenter.eu\/index.php\/wp-json\/wp\/v2\/pages\/1134\/revisions"}],"predecessor-version":[{"id":1386,"href":"https:\/\/socenter.eu\/index.php\/wp-json\/wp\/v2\/pages\/1134\/revisions\/1386"}],"wp:attachment":[{"href":"https:\/\/socenter.eu\/index.php\/wp-json\/wp\/v2\/media?parent=1134"}],"curies":[{"name":"wp","href":"https:\/\/api.w.org\/{rel}","templated":true}]}}