{"id":517,"date":"2023-11-30T14:23:47","date_gmt":"2023-11-30T13:23:47","guid":{"rendered":"https:\/\/socenter.eu\/?page_id=517"},"modified":"2023-12-02T16:14:21","modified_gmt":"2023-12-02T15:14:21","slug":"partnerzy","status":"publish","type":"page","link":"https:\/\/socenter.eu\/index.php\/pl\/partnerzy\/","title":{"rendered":"Partnerzy"},"content":{"rendered":"\n<p class=\"has-text-align-center has-white-color has-text-color has-background\" style=\"background-color:#00a095\"><strong>FUNDACJA IM. ZOFII ZAMENHOF.<\/strong>     <strong>( Polska )         OID:E10090629<\/strong><\/p>\n\n\n\n<figure class=\"wp-block-image alignleft size-full is-resized\"><img loading=\"lazy\" decoding=\"async\" width=\"144\" height=\"172\" src=\"https:\/\/socenter.eu\/wp-content\/uploads\/2023\/03\/logo-FZZ.png\" alt=\"\" class=\"wp-image-273\" style=\"width:245px;height:292px\"\/><\/figure>\n\n\n\n<p>Fundacja Zamenhof Fundacja ma na celu propagowanie idei wolno\u015bci, zasad demokracji, r\u00f3\u017cnorodno\u015bci kulturowej i tolerancji. W trakcie naszej pracy chcemy pokaza\u0107, jak rozwi\u0105za\u0107 problemy spo\u0142eczne. Chcemy przyczyni\u0107 si\u0119 do zwi\u0119kszenia poziomu wykszta\u0142cenia r\u00f3\u017cnych grup spo\u0142ecznych w krajach, w kt\u00f3rych b\u0119dziemy prowadzi\u0107 nasz\u0105 prac\u0119 i mie\u0107 wp\u0142yw na procesy integracyjne mi\u0119dzy narodami. Jeste\u015bmy pewni, \u017ce jest to edukacja, kt\u00f3ra daje szans\u0119 rozwoju i zmniejsza r\u00f3\u017cnice spo\u0142eczne. Dialog mi\u0119dzykulturowy jest mo\u017cliwy dzi\u0119ki edukacji. Tak wi\u0119c nasza praca ma r\u00f3wnie\u017c na celu edukacj\u0119 i szkolenie, r\u00f3wnie\u017c w aspekcie wsp\u00f3\u0142pracy mi\u0119dzynarodowej. Chcemy r\u00f3wnie\u017c propagowa\u0107 wiedz\u0119 o ludziach zwi\u0105zanych z pomys\u0142ami naszego fundamentu. Fundacja jest zaanga\u017cowana w dzia\u0142ania edukacyjne i naukowe zwi\u0105zane z przyczynami spo\u0142ecznymi i zmniejszeniem bezrobocia. Koncentruje si\u0119 na wsp\u00f3\u0142pracy z krajami partnerstwa wschodniego i wsp\u00f3\u0142prac\u0119 z instytucjami edukacyjnymi na r\u00f3\u017cnych poziomach.<br>Naszym g\u0142\u00f3wnym celem s\u0105 grupy nara\u017cone na wykluczenie spo\u0142eczne w odniesieniu do znacznika pracy, takich jak niepe\u0142nosprawne, NEET, doro\u015bli o niskim wykwalifikowaniu i ofiary przemocy domowej.<br>Nasi eksperci maj\u0105 wiedz\u0119 specjalistyczn\u0105 w zakresie szkolnictwa wy\u017cszego i edukacji doros\u0142ych. Cz\u0142onkowie naszego komitetu edukacyjnego s\u0105 doktorantami w r\u00f3\u017cnych specjalizacjach nauk spo\u0142ecznych (g\u0142\u00f3wnie ekonomii i socjologii) lub doktorant\u00f3w. Mamy r\u00f3wnie\u017c osoby, kt\u00f3re maj\u0105 d\u0142ugie do\u015bwiadczenie w pracy w przemy\u015ble edukacyjnym, w tym perspektywy edukacji doros\u0142ych.<\/p>\n\n\n\n<p class=\"has-text-align-center has-white-color has-text-color has-background\" style=\"background-color:#00a095\"><strong>SP\u00d3\u0141DZIELNIA SOCJALNA OS\u00d3B PRAWNYCH CENTRUM US\u0141UG \u015aRODOWISKOWYCH   <strong> ( Polska )   <\/strong><\/strong> <strong>  OID:E10251622<\/strong><\/p>\n\n\n\n<figure class=\"wp-block-image alignleft size-full is-resized\"><img loading=\"lazy\" decoding=\"async\" width=\"393\" height=\"128\" src=\"https:\/\/socenter.eu\/wp-content\/uploads\/2023\/03\/pobrane.png\" alt=\"\" class=\"wp-image-277\" style=\"width:400px;height:130px\" srcset=\"https:\/\/socenter.eu\/wp-content\/uploads\/2023\/03\/pobrane.png 393w, https:\/\/socenter.eu\/wp-content\/uploads\/2023\/03\/pobrane-300x98.png 300w\" sizes=\"auto, (max-width: 393px) 100vw, 393px\" \/><\/figure>\n\n\n\n<p class=\"has-black-color has-text-color\">Sp\u00f3\u0142dzielnia spo\u0142eczna os\u00f3b prawnych \u201eCentrum US\u0141UG \u015aRORODOWSWYCH\u201d istnieje od 2012 r. Naszymi za\u0142o\u017cycielami byli: gmina S\u0142upno, gmina Bulkowo, gmina Ma\u0142a Wie\u015b, parafia rzymskokatolicka St. Martin w S\u0142upno Rodzaje podmiot\u00f3w prawnych wymienionych w ustawie o sp\u00f3\u0142dzielniach spo\u0142ecznych. Po zmianach organizacyjnych cz\u0142onkowie SSOP \u201eCUS\u201d pozostali: So\u0142upno Commune, Bulkowo Commune, Mlai Wie\u015b Commune, a tak\u017ce do\u0142\u0105czyli do przedstawicieli gminy Radzanowo, miasta i gminy Drobin. Naszym g\u0142\u00f3wnym celem jest efektywne dzia\u0142anie w dziedzinie niszowej gospodarki rynkowej, a tak\u017ce w dziedzinie wdra\u017cania zada\u0144 samorz\u0105dowych. Prowadzimy dzia\u0142ania w dziedzinie us\u0142ug miejskich, spo\u0142ecznych, edukacyjnych i turystycznych, a niedawno uruchomili\u015bmy us\u0142ugi gastronomiczne. Prowadzimy warsztaty terapii zaj\u0119ciowej i codzienny dom dla senior\u00f3w+ w Drobin, klubie \u201eSenior+\u201d w \u0141\u00f3w Probostwie, hotelu dla bezpa\u0144skich ps\u00f3w w Ma\u0142ej Wsi \u201d.<\/p>\n\n\n\n<p class=\"has-text-align-center has-white-color has-text-color has-background\" style=\"background-color:#00a095\"><strong>ECOISTITUTO DEL FRIULI VENEZIA GIULIA  ( <strong>W\u0142ochy )<\/strong>  OID:E10129628<\/strong><\/p>\n\n\n\n<figure class=\"wp-block-image alignleft size-full is-resized\"><img loading=\"lazy\" decoding=\"async\" width=\"130\" height=\"100\" src=\"https:\/\/socenter.eu\/wp-content\/uploads\/2023\/03\/pobrane.jpeg\" alt=\"\" class=\"wp-image-282\" style=\"width:261px;height:200px\"\/><\/figure>\n\n\n\n<p>Ecoistituto to instytut badawczy non-profit za\u0142o\u017cony w 1989 roku.<br>Aktywno\u015b\u0107 Ecoistituto koncentruje si\u0119 na zr\u00f3wnowa\u017conym rozwoju po multidyscyplinarnym podej\u015bciu sfinalizowanym w celu promowania o\u017cywienia terytori\u00f3w i obywateli.<br>Ecoistituto wsp\u00f3\u0142pracuje z instytucjami szkolnictwa wy\u017cszego, szko\u0142ami i instytucjami rz\u0105dowymi organizuj\u0105cymi konferencje, kursy, seminaria i warsztaty na temat zr\u00f3wnowa\u017conego rozwoju, biznesu spo\u0142ecznego, cyfrowych innowacji spo\u0142ecznych, edukacji \u015brodowiskowej i zdrowych zachowa\u0144. Przez ostatnie 20 lat Ecoistituto zorganizowa\u0142 doroczn\u0105 mi\u0119dzynarodow\u0105 konferencj\u0119 na temat \u201eMozaiki krajobrazowej\u201d we wsp\u00f3\u0142pracy z IPSAPA (Interregional Society for Udzia\u0142 w krajobrazie agrobiznesu i zarz\u0105dzaniu \u015brodowiskiem) oraz University of Udine.<br>Od 2005 r. Ecoistituto stworzy\u0142 seri\u0119 publikacji \u201eLiving In Places\u201d, po\u015bwi\u0119conych lokalnym kulturze i opublikowano 15 problem\u00f3w.<br>W przesz\u0142o\u015bci Ecoistituto uczestniczy\u0142 w Organizacji Rezekne Academy of Technology Conference Society, Integration, Education (maj 2013).<br>Cz\u0142onkowie Ecoistituto to profesorowie uniwersyteccy (szczeg\u00f3lnie z Uniwersytetu Udine), profesjonali\u015bci, eksperci i badacze zaanga\u017cowani w r\u00f3\u017cne zakresy: cyfrowe innowacje spo\u0142eczne, innowacyjna edukacja, ekonomia, agribusiness, ekologia, socjologia, psychologia, antropologia spo\u0142eczna, architektura i geografia. W szczeg\u00f3lno\u015bci Ecoistituto jest zaanga\u017cowany w lokalne projekty dla m\u0142odych ludzi i os\u00f3b starszych.<br>Niedawno Ecoistituto zda\u0142 sobie spraw\u0119 z nast\u0119puj\u0105cych ksi\u0105\u017cek \u201eWprowadzenie do innowacji spo\u0142ecznych\u201d, Mimesis International; \u201eZ\u0142a strona sieci\u201d, Mimesis International<br>Ecoistituto by\u0142 liderem projektu Erasmus na temat cyfrowych innowacji spo\u0142ecznych. Ecoistituto przeprowadzi\u0142 badania dotycz\u0105ce cyfrowych innowacji spo\u0142ecznych dla migrant\u00f3w i uchod\u017ac\u00f3w oraz jako badania nad zaburzeniem spektrum autyzmu.<\/p>\n\n\n\n<p class=\"has-text-align-center has-white-color has-text-color has-background\" style=\"background-color:#00a095\"><strong>INSTITUTE OF ENTREPRENEURSHIP DEVELOPMENT  ( <strong>Grecja )<\/strong>  OID:E10199181<\/strong><\/p>\n\n\n\n<figure class=\"wp-block-image alignleft size-full is-resized\"><img loading=\"lazy\" decoding=\"async\" width=\"599\" height=\"216\" src=\"https:\/\/socenter.eu\/wp-content\/uploads\/2023\/03\/full-logo-text-homepage.png\" alt=\"\" class=\"wp-image-276\" style=\"width:410px;height:147px\" srcset=\"https:\/\/socenter.eu\/wp-content\/uploads\/2023\/03\/full-logo-text-homepage.png 599w, https:\/\/socenter.eu\/wp-content\/uploads\/2023\/03\/full-logo-text-homepage-300x108.png 300w\" sizes=\"auto, (max-width: 599px) 100vw, 599px\" \/><\/figure>\n\n\n\n<p>Institute of Entrepreneurship Development (IED) jest greck\u0105 organizacj\u0105 non-profit zaanga\u017cowan\u0105 w promocj\u0119 innowacji i wzmocnienie ducha przedsi\u0119biorczo\u015bci. Za\u0142o\u017cona w 2005 r., IED jest certyfikowanym wiod\u0105cym centrum doskona\u0142o\u015bci w europejskiej przedsi\u0119biorczo\u015bci i szybko rozwijaj\u0105cym si\u0119 cyfrowym o\u015brodkiem innowacji, zarejestrowanym jako cz\u0142onek katalogu DIHS Komisji Europejskiej, kt\u00f3ry uznaje przedsi\u0119biorczo\u015b\u0107 za kluczowy czynnik dla przysz\u0142o\u015bci zr\u00f3wnowa\u017conego rozwoju i sp\u00f3\u0142dzielni spo\u0142ecze\u0144stw. Przeprowadza badania i zapewnia innowacyjne rozwi\u0105zania, kt\u00f3re u\u0142atwiaj\u0105 rozw\u00f3j przedsi\u0119biorczo\u015bci i promuj\u0105 zatrudnienie. IED jest tak\u017ce koordynatorem wyznaczonego europejskiego cyfrowego o\u015brodka innowacji (EIDHS) w Grecji zatytu\u0142owanym: \u201eCentrum zdrowia: transformacja bran\u017cy zdrowotnej i farmaceutycznej poprzez us\u0142ugi cyfrowe sztucznej inteligencji\u201d. Centrum Zdrowia b\u0119dzie dzia\u0142a\u0107 jako kompleksowy sklep, kt\u00f3ry pomo\u017ce firmom w sektorze Health &amp; Pharma w zwi\u0119kszeniu ich zasi\u0119gu, precyzji, innowacji i dzia\u0142a\u0144 sieciowych, wsp\u00f3\u0142pracuj\u0105c z ich cyfrowymi podr\u00f3\u017cami transformacyjnymi.<br>W ci\u0105gu 15 lat naszej dzia\u0142alno\u015bci uczestniczyli\u015bmy w planowaniu, wdra\u017caniu i rozpowszechnianiu ponad 200 projekt\u00f3w krajowych i europejskich w licznych ramach finansowych (Horizon, Erasmus+, Amif, Rec, Cosme, Interreg, Eni CBC Med, \u017cycie itp. ). Nasze do\u015bwiadczenie da\u0142o nam wyj\u0105tkowy wgl\u0105d w praktyczne aspekty w realizacji projekt\u00f3w wsp\u00f3\u0142finansowania na du\u017c\u0105 skal\u0119, czyni\u0105c nas silnym i niezawodnym europejskim partnerem i liderem projektu. Zapewni\u0142o nam r\u00f3wnie\u017c wyj\u0105tkowo szerok\u0105 sie\u0107 ponad 4,200 partner\u00f3w i organizacje wsp\u00f3\u0142pracy unijne i nie tylko.<\/p>\n\n\n\n<p class=\"has-black-color has-text-color\"><br><\/p>\n\n\n\n<p class=\"has-text-align-center has-white-color has-text-color has-background\" style=\"background-color:#00a095\"> <strong>CENTRO SOLIDARIET\u00c0 GIOVANI GIOVANNI MICESIO ONLUS  (W\u0142ochy)       OID:10277214<\/strong><\/p>\n\n\n\n<figure class=\"wp-block-image alignleft size-full is-resized\"><img loading=\"lazy\" decoding=\"async\" width=\"980\" height=\"465\" src=\"https:\/\/socenter.eu\/wp-content\/uploads\/2023\/03\/centro-solidarieta-giovani-giovanni-micesio-2.jpeg\" alt=\"\" class=\"wp-image-281\" style=\"width:399px;height:189px\" srcset=\"https:\/\/socenter.eu\/wp-content\/uploads\/2023\/03\/centro-solidarieta-giovani-giovanni-micesio-2.jpeg 980w, https:\/\/socenter.eu\/wp-content\/uploads\/2023\/03\/centro-solidarieta-giovani-giovanni-micesio-2-300x142.jpeg 300w, https:\/\/socenter.eu\/wp-content\/uploads\/2023\/03\/centro-solidarieta-giovani-giovanni-micesio-2-768x364.jpeg 768w\" sizes=\"auto, (max-width: 980px) 100vw, 980px\" \/><\/figure>\n\n\n\n<p>Centrum Solidarno\u015bci m\u0142odzie\u017cy \u201eG. MICSIO \u201ezosta\u0142 za\u0142o\u017cony w 1975 roku. Zosta\u0142 uznany przez region Friuli Venezia Giulia (DPR Regione Friuli Wenezia Giulia N 337\/Pres z 09\/10\/1995) i jest zarejestrowany w og\u00f3lnym rejestrze organizacji dobrowolnych. Centrum celem jest Centrum, jak Wykonaj w\u0142\u0105czenie m\u0142odych ludzi z mniejszymi mo\u017cliwo\u015bciami, niepe\u0142nosprawno\u015bciami i uzale\u017cnieniami poprzez profesjonalne szkolenia. Centrum organizuje r\u00f3wnie\u017c zaj\u0119cia szkoleniowe dla nauczycieli spo\u0142ecznych, pracownik\u00f3w socjalnych, podtrzymywania nauczycieli i wolontariuszy spo\u0142ecznych wsp\u00f3\u0142pracuj\u0105cych z lokalnymi us\u0142ugami spo\u0142ecznymi i przedsi\u0119biorstwami spo\u0142ecznymi. Centrum. Centrum. Centrum. Centrum Dzia\u0142a przez pi\u0119\u0107 jednostek operacyjnych:<br>W\u0142\u0105czanie jednostki operacyjnej, Psychologiczno-psychoterapeutyczne punkt spotkania, jednostka operacyjna mieszkalna, spo\u0142eczno\u015b\u0107 terapeutyczna dla doros\u0142ych, edukacyjna spo\u0142eczno\u015b\u0107 terapeutyczna dla nieletnich promocji zdrowia i obrony Sektor opieki zdrowotnej Sports, kulturalny i rekreacyjny Sektor naukowy Uczenie si\u0119 jednostki szkoleniowe Profesjonalne Jednostka operacyjna \u201eSolidarno\u015b\u0107\u201d Social Cooperative Ltd.<br>Podej\u015bcie edukacyjne Center opiera si\u0119 na paradygmacie \u201eLaboratory\u201d. Integruje wysoce zaawansowane technologiczne i skuteczne metodologie edukacyjne sfinalizowane w celu zapewnienia konkretnych osi\u0105gni\u0119\u0107 zawodowych.<\/p>\n\n\n\n<p class=\"has-text-align-center has-white-color has-text-color has-background\" style=\"background-color:#00a095\"><strong>EPRALIMA &#8211; ESCOLA PROFISSIONAL DOALTO LIMA &#8211; COOPERATIVA DE INTERESSE PUBLICO E RESPONSABILIDADE LIMITADA ( Portugalia )   OID:10122117<\/strong><\/p>\n\n\n\n<figure class=\"wp-block-image alignleft size-large is-resized\"><img loading=\"lazy\" decoding=\"async\" width=\"1024\" height=\"323\" src=\"https:\/\/socenter.eu\/wp-content\/uploads\/2023\/03\/Logo_Ensino-PORTUGAL-1-1024x323.png\" alt=\"\" class=\"wp-image-275\" style=\"width:402px;height:125px\" srcset=\"https:\/\/socenter.eu\/wp-content\/uploads\/2023\/03\/Logo_Ensino-PORTUGAL-1-1024x323.png 1024w, https:\/\/socenter.eu\/wp-content\/uploads\/2023\/03\/Logo_Ensino-PORTUGAL-1-300x94.png 300w, https:\/\/socenter.eu\/wp-content\/uploads\/2023\/03\/Logo_Ensino-PORTUGAL-1-768x242.png 768w, https:\/\/socenter.eu\/wp-content\/uploads\/2023\/03\/Logo_Ensino-PORTUGAL-1-1536x484.png 1536w, https:\/\/socenter.eu\/wp-content\/uploads\/2023\/03\/Logo_Ensino-PORTUGAL-1-2048x645.png 2048w\" sizes=\"auto, (max-width: 1024px) 100vw, 1024px\" \/><\/figure>\n\n\n\n<p>Ministerstwo Edukacji homologowa\u0142o Epralima w 1999 r. Jako prywatna organizacja non-profit, oparta na re\u017cimie wsp\u00f3\u0142pracy, kt\u00f3ry zapewnia szkolenie zawodowe na r\u00f3\u017cnych poziomach europejskich.<br>Epralima sk\u0142ada si\u0119 z 3 ga\u0142\u0119zi: pola w Arcos de Valdevez; oddzia\u0142 w Ponte da Barca i inny w Ponte de Lima; Centrum oceny umiej\u0119tno\u015bci, kt\u00f3re rozpoznaje, zatrzymuje i certyfikuje umiej\u0119tno\u015bci, daj\u0105c osobom mo\u017cliwo\u015b\u0107 otrzymania r\u00f3wnowa\u017cno\u015bci akademickiej; i wreszcie centrum techniczne, kt\u00f3re wsp\u00f3\u0142pracuje z projektami mi\u0119dzynarodowymi i komunitarnymi. Epralima przyczynia si\u0119 do projekt\u00f3w ze wzgl\u0119du na jego: szerok\u0105 wiedz\u0119 o regionie i bliskie relacje z grupami docelowymi; Zdolno\u015b\u0107 do promowania zach\u0119ty sieci i mobilizacji r\u00f3\u017cnych organizacji; Do\u015bwiadczenie w opracowywaniu r\u00f3\u017cnych pakiet\u00f3w pracy: zarz\u0105dzanie, ocena, diagnoza, projektowanie i wdra\u017canie. Jego zr\u00f3wnowa\u017cony rozw\u00f3j jest powi\u0105zany z dynamik\u0105 regionu g\u00f3rnego Lima, przezwyci\u0119\u017caj\u0105c potrzeby poprzez szkolenie.<\/p>\n","protected":false},"excerpt":{"rendered":"<p>FUNDACJA IM. ZOFII ZAMENHOF. ( Polska ) OID:E10090629 Fundacja Zamenhof Fundacja ma na celu propagowanie idei wolno\u015bci, zasad demokracji, r\u00f3\u017cnorodno\u015bci kulturowej i tolerancji. W trakcie naszej pracy chcemy pokaza\u0107, jak rozwi\u0105za\u0107 problemy spo\u0142eczne. Chcemy przyczyni\u0107 si\u0119 do zwi\u0119kszenia poziomu wykszta\u0142cenia r\u00f3\u017cnych grup&#8230;<\/p>\n","protected":false},"author":1,"featured_media":0,"parent":0,"menu_order":0,"comment_status":"closed","ping_status":"closed","template":"","meta":{"footnotes":""},"class_list":["post-517","page","type-page","status-publish","hentry"],"_links":{"self":[{"href":"https:\/\/socenter.eu\/index.php\/wp-json\/wp\/v2\/pages\/517","targetHints":{"allow":["GET"]}}],"collection":[{"href":"https:\/\/socenter.eu\/index.php\/wp-json\/wp\/v2\/pages"}],"about":[{"href":"https:\/\/socenter.eu\/index.php\/wp-json\/wp\/v2\/types\/page"}],"author":[{"embeddable":true,"href":"https:\/\/socenter.eu\/index.php\/wp-json\/wp\/v2\/users\/1"}],"replies":[{"embeddable":true,"href":"https:\/\/socenter.eu\/index.php\/wp-json\/wp\/v2\/comments?post=517"}],"version-history":[{"count":3,"href":"https:\/\/socenter.eu\/index.php\/wp-json\/wp\/v2\/pages\/517\/revisions"}],"predecessor-version":[{"id":683,"href":"https:\/\/socenter.eu\/index.php\/wp-json\/wp\/v2\/pages\/517\/revisions\/683"}],"wp:attachment":[{"href":"https:\/\/socenter.eu\/index.php\/wp-json\/wp\/v2\/media?parent=517"}],"curies":[{"name":"wp","href":"https:\/\/api.w.org\/{rel}","templated":true}]}}