{"id":54,"date":"2023-01-21T19:21:21","date_gmt":"2023-01-21T18:21:21","guid":{"rendered":"https:\/\/socenter.eu\/?page_id=54"},"modified":"2023-08-12T13:35:40","modified_gmt":"2023-08-12T12:35:40","slug":"about-partners","status":"publish","type":"page","link":"https:\/\/socenter.eu\/index.php\/about-partners\/","title":{"rendered":"About Partners"},"content":{"rendered":"\n<p class=\"has-text-align-center\"><\/p>\n\n\n\n<p class=\"has-text-align-center has-white-color has-text-color has-background\" style=\"background-color:#00a095\"><strong>FUNDACJA IM. ZOFII ZAMENHOF.<\/strong>     <strong>( Poland )         OID:E10090629<\/strong><\/p>\n\n\n\n<figure class=\"wp-block-image alignleft size-full is-resized\"><img loading=\"lazy\" decoding=\"async\" src=\"https:\/\/socenter.eu\/wp-content\/uploads\/2023\/03\/logo-FZZ.png\" alt=\"\" class=\"wp-image-273\" style=\"width:245px;height:292px\" width=\"245\" height=\"292\"\/><\/figure>\n\n\n\n<p class=\"has-black-color has-text-color\">Zofia Zamenhof Foundation aims at propagating the idea of freedom, the rules of democracy, cultural diversity and tolerance. Throughout our work, we want to show how to solve social problems. We want to contribute to increase the level of education of various social groups in countries where we are going to run our work and to have an influence on the integration processes between nations. We are certain that this is education which gives a chance to grow and makes the social differences smaller. Intercultural dialogue is possible thanks to education. Thus, our work aims also at education and training, also in the aspect of international cooperation. We also want to propagate the knowledge about the people connected with the ideas of our foundation. Foundation is involved in the educational and scientific activities related to the social causes and reduction of unemployment. There is a strong focus on cooperation with Eastern Partnership countries and working with educational institutions at various levels.<br>Our main focus are the groups at the risk of social exclusion with regards to labour marker such as disabled, NEETs, low- skilled adults and domestic violence victims.<br>Our experts have expertise in higher education and adult education. Members of our educational committee are PhD holders in different specializations of social sciences (mostly economics and sociology) or PhD candidates. We have also people who have long experience of work in educational industry, including adult education perspectives.<\/p>\n\n\n\n<p class=\"has-text-align-center has-white-color has-text-color has-background\" style=\"background-color:#00a095\"><strong>SP\u00d3\u0141DZIELNIA SOCJALNA OS\u00d3B PRAWNYCH CENTRUM US\u0141UG \u015aRODOWISKOWYCH   <strong> ( Poland )   <\/strong><\/strong> <strong>  OID:E10251622<\/strong><\/p>\n\n\n\n<figure class=\"wp-block-image alignleft size-full is-resized\"><img loading=\"lazy\" decoding=\"async\" src=\"https:\/\/socenter.eu\/wp-content\/uploads\/2023\/03\/pobrane.png\" alt=\"\" class=\"wp-image-277\" style=\"width:400px;height:130px\" width=\"400\" height=\"130\" srcset=\"https:\/\/socenter.eu\/wp-content\/uploads\/2023\/03\/pobrane.png 393w, https:\/\/socenter.eu\/wp-content\/uploads\/2023\/03\/pobrane-300x98.png 300w\" sizes=\"auto, (max-width: 400px) 100vw, 400px\" \/><\/figure>\n\n\n\n<p class=\"has-black-color has-text-color\">The Social Cooperative of Legal Persons &#8220;Centrum Us\u0142ug \u015arodowiskowych&#8221; exists since 2012. Our founders were: S\u0142upno municipality, Bulkowo municipality, Ma\u0142a Wie\u015b municipality, St. Martin Roman Catholic Parish in S\u0142upno and the Centre for Innovation of Information Society in P\u0142ock, so all types of legal entities listed in the Act on Social Cooperatives. After organisational changes members of SSOP &#8220;CU\u015a&#8221; remained: S\u0142upno commune, Bulkowo commune, Ma\u0142a Wie\u015b commune, as well as joined representatives of Radzanowo commune and Drobin town and commune. Our main objective is to operate effectively in the area of niche market economy as well as in the area of self-government tasks implementation. We run activities in the field of municipal, social, educational and tourist services, and we have recently launched catering services. We run Occupational Therapy Workshops and a Daily House for Seniors+ in Drobin, a &#8220;Senior+&#8221; Club in \u0141\u0119g Probostwie, a Hotel for stray dogs in Ma\u0142a Wie\u015b&#8221;.<\/p>\n\n\n\n<p class=\"has-text-align-center has-white-color has-text-color has-background\" style=\"background-color:#00a095\"><strong>ECOISTITUTO DEL FRIULI VENEZIA GIULIA  ( <strong>Italy )<\/strong>  OID:E10129628<\/strong><\/p>\n\n\n\n<figure class=\"wp-block-image alignleft size-full is-resized\"><img loading=\"lazy\" decoding=\"async\" src=\"https:\/\/socenter.eu\/wp-content\/uploads\/2023\/03\/pobrane.jpeg\" alt=\"\" class=\"wp-image-282\" style=\"width:261px;height:200px\" width=\"261\" height=\"200\"\/><\/figure>\n\n\n\n<p class=\"has-black-color has-text-color\">Ecoistituto is a non-profit research institute founded in 1989.<br>Ecoistituto\u2019s activity focuses on sustainable development following a multidisciplinary approach finalized to promote the livability of territories and citizens.<br>Ecoistituto collaborates with higher education institutions, schools, and governmental institutions organizing conferences, courses, seminars, and workshops on sustainable development, social business, digital social innovation, environmental education, and healthy behavior. For the last 20 years, Ecoistituto organized an annual international conference on the themes of \u201clandscape mosaic\u201d in collaboration with IPSAPA (Interregional Society for Participation in Agribusiness Landscape and Environmental Management) and the University of Udine.<br>Since 2005, Ecoistituto created the series of publications \u201cLiving in places\u201d, devoted to the local cultures and 15 issues have been published.<br>In the past, Ecoistituto participated to the organization of the Rezekne Academy of Technology Conference SOCIETY, INTEGRATION, EDUCATION (May 2013).<br>Members of Ecoistituto are university professors (especially from Udine University), professionals, experts, and researchers engaged in different scopes: digital social innovation, innovative education, economy, agribusiness, ecology, sociology, psychology, social anthropology, architecture, and geography. In particular, Ecoistituto is involved in local projects for young people and older persons.<br>Recently, Ecoistituto realized the following books \u201cIntroduction to social innovation\u201d, Mimesis International;  \u201cThe evil side of the Web\u201d, Mimesis International<br>Ecoistituto was the leader of an Erasmus project on digital social innovation. Ecoistituto conducted investigations on digital social innovation for migrants and refugees and well as research on autism spectrum disorder.<\/p>\n\n\n\n<p class=\"has-text-align-center has-white-color has-text-color has-background\" style=\"background-color:#00a095\"><strong>INSTITUTE OF ENTREPRENEURSHIP DEVELOPMENT  ( <strong>Greece )<\/strong>  OID:E10199181<\/strong><\/p>\n\n\n\n<figure class=\"wp-block-image alignleft size-full is-resized\"><img loading=\"lazy\" decoding=\"async\" src=\"https:\/\/socenter.eu\/wp-content\/uploads\/2023\/03\/full-logo-text-homepage.png\" alt=\"\" class=\"wp-image-276\" style=\"width:410px;height:147px\" width=\"410\" height=\"147\" srcset=\"https:\/\/socenter.eu\/wp-content\/uploads\/2023\/03\/full-logo-text-homepage.png 599w, https:\/\/socenter.eu\/wp-content\/uploads\/2023\/03\/full-logo-text-homepage-300x108.png 300w\" sizes=\"auto, (max-width: 410px) 100vw, 410px\" \/><\/figure>\n\n\n\n<p class=\"has-black-color has-text-color\">Institute of Entrepreneurship Development (iED) is a Greek non-profit organisation committed to the promotion of innovation and the enhancement of the entrepreneurial spirit. Established in 2005, iED is a certified leading Center of Excellence in European entrepreneurship and a fast-growing Digital Innovation Hub, registered as member of the European Commission&#8217;s catalogue of DIHs, that recognizes entrepreneurship as a crucial factor for the future of sustainable development and cohesion of societies. It conducts research and provides innovative solutions that facilitate the growth of entrepreneurship and promote employment.  iED also is the Coordinator of a Designated European Digital Innovation Hub (EIDHs) in Greece titled: \u201cHealth Hub: Healthcare and Pharmaceutical Industry Transformation through Artificial Intelligence Digital Services\u201d. The Health Hub will act as a one-stop-shop that will help companies in the Health &amp; Pharma sector to boost their outreach, precision, innovation and networking efforts, partnering in their digital transformational journeys.<br>Over the 15 years of our activity, we have participated in the planning, implementation and dissemination of more than 200 National and European projects under numerous Financial Frameworks (Horizon, Erasmus+, AMIF, REC, COSME, INTERREG, ENI CBC MED, Life etc.). Our experience gave us a unique insight in the practical aspects on the implementation of large-scale co-funding projects, making us a strong and reliable European project partner and leader. It has also provided us with an extremely wide network of more than 4.200 partners and collaborating organizations form EU and beyond.<br><\/p>\n\n\n\n<p class=\"has-text-align-center has-white-color has-text-color has-background\" style=\"background-color:#00a095\"> <strong>CENTRO SOLIDARIET\u00c0 GIOVANI GIOVANNI MICESIO ONLUS  (Italy)       OID:10277214<\/strong><\/p>\n\n\n\n<figure class=\"wp-block-image alignleft size-full is-resized\"><img loading=\"lazy\" decoding=\"async\" src=\"https:\/\/socenter.eu\/wp-content\/uploads\/2023\/03\/centro-solidarieta-giovani-giovanni-micesio-2.jpeg\" alt=\"\" class=\"wp-image-281\" style=\"width:399px;height:189px\" width=\"399\" height=\"189\" srcset=\"https:\/\/socenter.eu\/wp-content\/uploads\/2023\/03\/centro-solidarieta-giovani-giovanni-micesio-2.jpeg 980w, https:\/\/socenter.eu\/wp-content\/uploads\/2023\/03\/centro-solidarieta-giovani-giovanni-micesio-2-300x142.jpeg 300w, https:\/\/socenter.eu\/wp-content\/uploads\/2023\/03\/centro-solidarieta-giovani-giovanni-micesio-2-768x364.jpeg 768w\" sizes=\"auto, (max-width: 399px) 100vw, 399px\" \/><\/figure>\n\n\n\n<p class=\"has-black-color has-text-color\">The Youth Solidarity Center \u201cG. Micesio &#8220;was founded in 1975. It is has been recognized by the Friuli Venezia Giulia Region (DPR Regione Friuli Venezia Giulia n 337 \/ Pres of 09\/10\/1995) and is registered in the General Register of Voluntary Organizations. The Center aims to carry out the inclusion of young people with fewer opportunities, disabilities, and addictions through professional trainings. The Center also organizes training activities for social educators, social workers, sustain teachers, and social volunteers collaborating with the local social services and social enterprises. The Center operates through five Operative Units:<br>Inclusion Operative Unit, Psychological-psychotherapeutic service Meeting point, Residential Operative Unit, Therapeutic Community for Adults, Educational Therapeutic Community for Minors Health promotion and defense Operative Unit Healthcare sector Sports, cultural, and recreational sector Lifelong learning Operative Unit Professional training center Business &amp; Work Operative Unit \u201cSolidarity\u201d Social Cooperative ltd.<br>The Center educational approach is based in the paradigm &#8220;school-laboratory&#8221;. It integrates highly advanced technological and effective educational methodologies finalized to provide concrete professional achievements.<\/p>\n\n\n\n<p class=\"has-text-align-center has-white-color has-text-color has-background\" style=\"background-color:#00a095\"><strong>EPRALIMA &#8211; ESCOLA PROFISSIONAL DOALTO LIMA &#8211; COOPERATIVA DE INTERESSE PUBLICO E RESPONSABILIDADE LIMITADA ( Portugal )   OID:10122117<\/strong><\/p>\n\n\n\n<figure class=\"wp-block-image alignleft size-large is-resized\"><img loading=\"lazy\" decoding=\"async\" src=\"https:\/\/socenter.eu\/wp-content\/uploads\/2023\/03\/Logo_Ensino-PORTUGAL-1-1024x323.png\" alt=\"\" class=\"wp-image-275\" style=\"width:402px;height:125px\" width=\"402\" height=\"125\"\/><\/figure>\n\n\n\n<p class=\"has-black-color has-text-color\">The Ministry of Education homologated EPRALIMA in 1999, as a private non-profit organization, based on a cooperative regime that provides vocational training at various European levels.<br>Epralima is composed of 3 branches: the head-office in Arcos de Valdevez; branch in Ponte da Barca and another in Ponte de Lima; a Skills Assessment Centre which recognizes, validates and certifies skills giving individuals an opportunity to receive academic equivalency; and finally a Technical Centre which works with transnational and communitarian projects. Epralima contributes to projects due to its: broad knowledge of the region and close relationships with the target-groups; ability to promote the encouragement of networks and mobilize different organizations; experience in the development of different Work Packages: management, assessment, diagnosis, design and implementation. Its sustainability is linked to the dynamics of the Upper Lima Region, overcoming needs through training.<\/p>\n","protected":false},"excerpt":{"rendered":"<p>FUNDACJA IM. ZOFII ZAMENHOF. ( Poland ) OID:E10090629 Zofia Zamenhof Foundation aims at propagating the idea of freedom, the rules of democracy, cultural diversity and tolerance. Throughout our work, we want to show how to solve social problems. We want to contribute&#8230;<\/p>\n","protected":false},"author":1,"featured_media":0,"parent":0,"menu_order":0,"comment_status":"closed","ping_status":"closed","template":"","meta":{"footnotes":""},"class_list":["post-54","page","type-page","status-publish","hentry"],"_links":{"self":[{"href":"https:\/\/socenter.eu\/index.php\/wp-json\/wp\/v2\/pages\/54","targetHints":{"allow":["GET"]}}],"collection":[{"href":"https:\/\/socenter.eu\/index.php\/wp-json\/wp\/v2\/pages"}],"about":[{"href":"https:\/\/socenter.eu\/index.php\/wp-json\/wp\/v2\/types\/page"}],"author":[{"embeddable":true,"href":"https:\/\/socenter.eu\/index.php\/wp-json\/wp\/v2\/users\/1"}],"replies":[{"embeddable":true,"href":"https:\/\/socenter.eu\/index.php\/wp-json\/wp\/v2\/comments?post=54"}],"version-history":[{"count":10,"href":"https:\/\/socenter.eu\/index.php\/wp-json\/wp\/v2\/pages\/54\/revisions"}],"predecessor-version":[{"id":682,"href":"https:\/\/socenter.eu\/index.php\/wp-json\/wp\/v2\/pages\/54\/revisions\/682"}],"wp:attachment":[{"href":"https:\/\/socenter.eu\/index.php\/wp-json\/wp\/v2\/media?parent=54"}],"curies":[{"name":"wp","href":"https:\/\/api.w.org\/{rel}","templated":true}]}}