{"id":572,"date":"2023-11-30T14:24:47","date_gmt":"2023-11-30T13:24:47","guid":{"rendered":"https:\/\/socenter.eu\/?page_id=572"},"modified":"2024-06-22T18:12:31","modified_gmt":"2024-06-22T17:12:31","slug":"podrecznik","status":"publish","type":"page","link":"https:\/\/socenter.eu\/index.php\/pl\/podrecznik\/","title":{"rendered":"Podr\u0119cznik"},"content":{"rendered":"\n<p class=\"has-text-align-center has-foreground-color has-text-color has-link-color wp-elements-5eae8881fd89b26f6ea910076ccc25ee\" style=\"font-size:25px\"><strong>Prezentujemy rezultat nr 1 projektu spo\u0142ecznego SOCENTER<\/strong><\/p>\n\n\n\n<p class=\"has-text-align-center has-foreground-color has-text-color has-link-color wp-elements-48171934836484c61da934b7e16acff1\" style=\"font-size:25px\">(Numer projektu: 2021-1-PL01-KA220-ADU-000030093)<\/p>\n\n\n\n<p class=\"has-text-align-center\" style=\"font-size:25px\"><strong>\u201ePodr\u0119cznik o tworzeniu przyjaznych dla doros\u0142ych przedsi\u0119biorstw\u201d<\/strong><\/p>\n\n\n\n<p class=\"has-text-align-center\" style=\"font-size:25px\">Znajdziesz tam interesuj\u0105ce rozdzia\u0142y na temat zar\u00f3wno praktycznych informacji na temat ustanawiania i prowadzenia sp\u00f3\u0142dzielni spo\u0142ecznych, a tak\u017ce szerokiej dyskusji na temat problem\u00f3w zwi\u0105zanych z przedsi\u0119biorczo\u015bci\u0105 spo\u0142eczn\u0105. Zapraszamy do przeczytania go, co z pewno\u015bci\u0105 zwi\u0119kszy twoje kompetencje i pomo\u017ce ci w pracy!<\/p>\n\n\n\n<div style=\"height:100px\" aria-hidden=\"true\" class=\"wp-block-spacer\"><\/div>\n\n\n\n<p class=\"has-text-align-center has-foreground-color has-text-color has-link-color wp-elements-f9a56205ad32f05d10158a89ed77315b\">Poradnik tworzenia przedsi\u0119biorstw przyjaznych doros\u0142ym \u2013 wersja w j\u0119zyku polskim<\/p>\n\n\n\n<div data-wp-interactive=\"core\/file\" class=\"wp-block-file\"><object data-wp-bind--hidden=\"!state.hasPdfPreview\" hidden class=\"wp-block-file__embed\" data=\"https:\/\/socenter.eu\/wp-content\/uploads\/2024\/06\/SOC-ENTER-Handbook-ver.-Polska.pdf\" type=\"application\/pdf\" style=\"width:100%;height:600px\" aria-label=\"Embed of SOC ENTER Handbook ver. Polska.\"><\/object><a id=\"wp-block-file--media-0ec9f59b-6ae1-43e4-9ac7-818a9f101b0c\" href=\"https:\/\/socenter.eu\/wp-content\/uploads\/2024\/06\/SOC-ENTER-Handbook-ver.-Polska.pdf\">SOC ENTER Handbook ver. Polska<\/a><a href=\"https:\/\/socenter.eu\/wp-content\/uploads\/2024\/06\/SOC-ENTER-Handbook-ver.-Polska.pdf\" class=\"wp-block-file__button wp-element-button\" download aria-describedby=\"wp-block-file--media-0ec9f59b-6ae1-43e4-9ac7-818a9f101b0c\">Pobierz<\/a><\/div>\n\n\n\n<div style=\"height:100px\" aria-hidden=\"true\" class=\"wp-block-spacer\"><\/div>\n\n\n\n<p class=\"has-text-align-center has-foreground-color has-text-color has-link-color wp-elements-c98d4a418e515c623d84f64a9c87b3ae\">Poradnik tworzenia przedsi\u0119biorstw przyjaznych doros\u0142ym \u2013 wersja we wszystkich j\u0119zykach.<\/p>\n\n\n\n<div data-wp-interactive=\"core\/file\" class=\"wp-block-file\"><object data-wp-bind--hidden=\"!state.hasPdfPreview\" hidden class=\"wp-block-file__embed\" data=\"https:\/\/socenter.eu\/wp-content\/uploads\/2024\/06\/SOC-ENTER-Handbook-ALL.pdf\" type=\"application\/pdf\" style=\"width:100%;height:600px\" aria-label=\"Embed of SOC-ENTER-Handbook-ALL.\"><\/object><a id=\"wp-block-file--media-fd59f752-0c4b-4339-8700-261961475a70\" href=\"https:\/\/socenter.eu\/wp-content\/uploads\/2024\/06\/SOC-ENTER-Handbook-ALL.pdf\">SOC-ENTER-Handbook-ALL<\/a><a href=\"https:\/\/socenter.eu\/wp-content\/uploads\/2024\/06\/SOC-ENTER-Handbook-ALL.pdf\" class=\"wp-block-file__button wp-element-button\" download aria-describedby=\"wp-block-file--media-fd59f752-0c4b-4339-8700-261961475a70\">Pobierz<\/a><\/div>\n","protected":false},"excerpt":{"rendered":"<p>Prezentujemy rezultat nr 1 projektu spo\u0142ecznego SOCENTER (Numer projektu: 2021-1-PL01-KA220-ADU-000030093) \u201ePodr\u0119cznik o tworzeniu przyjaznych dla doros\u0142ych przedsi\u0119biorstw\u201d Znajdziesz tam interesuj\u0105ce rozdzia\u0142y na temat zar\u00f3wno praktycznych informacji na temat ustanawiania i prowadzenia sp\u00f3\u0142dzielni spo\u0142ecznych, a tak\u017ce szerokiej dyskusji na temat problem\u00f3w zwi\u0105zanych z&#8230;<\/p>\n","protected":false},"author":1,"featured_media":0,"parent":0,"menu_order":0,"comment_status":"closed","ping_status":"closed","template":"","meta":{"footnotes":""},"class_list":["post-572","page","type-page","status-publish","hentry"],"_links":{"self":[{"href":"https:\/\/socenter.eu\/index.php\/wp-json\/wp\/v2\/pages\/572","targetHints":{"allow":["GET"]}}],"collection":[{"href":"https:\/\/socenter.eu\/index.php\/wp-json\/wp\/v2\/pages"}],"about":[{"href":"https:\/\/socenter.eu\/index.php\/wp-json\/wp\/v2\/types\/page"}],"author":[{"embeddable":true,"href":"https:\/\/socenter.eu\/index.php\/wp-json\/wp\/v2\/users\/1"}],"replies":[{"embeddable":true,"href":"https:\/\/socenter.eu\/index.php\/wp-json\/wp\/v2\/comments?post=572"}],"version-history":[{"count":12,"href":"https:\/\/socenter.eu\/index.php\/wp-json\/wp\/v2\/pages\/572\/revisions"}],"predecessor-version":[{"id":1284,"href":"https:\/\/socenter.eu\/index.php\/wp-json\/wp\/v2\/pages\/572\/revisions\/1284"}],"wp:attachment":[{"href":"https:\/\/socenter.eu\/index.php\/wp-json\/wp\/v2\/media?parent=572"}],"curies":[{"name":"wp","href":"https:\/\/api.w.org\/{rel}","templated":true}]}}