{"id":586,"date":"2023-11-30T14:39:21","date_gmt":"2023-11-30T13:39:21","guid":{"rendered":"https:\/\/socenter.eu\/?page_id=586"},"modified":"2023-12-10T15:55:50","modified_gmt":"2023-12-10T14:55:50","slug":"informazioni-sui-partner","status":"publish","type":"page","link":"https:\/\/socenter.eu\/index.php\/it\/informazioni-sui-partner\/","title":{"rendered":"Informazioni sui Partner"},"content":{"rendered":"\n<p class=\"has-text-align-center\"><\/p>\n\n\n\n<p class=\"has-text-align-center has-white-color has-text-color has-background\" style=\"background-color:#00a095\"><strong>FUNDACJA IM. ZOFII ZAMENHOF. (Polonia) OID:E10090629<\/strong><\/p>\n\n\n\n<figure class=\"wp-block-image alignleft size-full is-resized\"><img loading=\"lazy\" decoding=\"async\" width=\"144\" height=\"172\" src=\"https:\/\/socenter.eu\/wp-content\/uploads\/2023\/03\/logo-FZZ.png\" alt=\"\" class=\"wp-image-273\" style=\"width:245px;height:292px\"\/><\/figure>\n\n\n\n<p>La Fondazione Zofia Zamenhof mira a diffondere l&#8217;idea di libert\u00e0, le regole della democrazia, la diversit\u00e0 culturale e la tolleranza. Attraverso il nostro lavoro, vogliamo mostrare come risolvere i problemi sociali. Vogliamo contribuire ad aumentare il livello di istruzione dei diversi gruppi sociali nei paesi in cui svolgeremo il nostro lavoro e incidere sui processi di integrazione tra le nazioni. Siamo certi che questa sia l&#8217;educazione che d\u00e0 la possibilit\u00e0 di crescere e riduce le differenze sociali. Il dialogo interculturale \u00e8 possibile grazie all\u2019educazione. Il nostro lavoro mira quindi anche all&#8217;istruzione e alla formazione, anche nell&#8217;aspetto della cooperazione internazionale. Vogliamo anche diffondere la conoscenza delle persone legate alle idee della nostra fondazione. La Fondazione \u00e8 coinvolta nelle attivit\u00e0 educative e scientifiche legate alle cause sociali e alla riduzione della disoccupazione. Vi \u00e8 una forte attenzione alla cooperazione con i paesi del partenariato orientale e al lavoro con le istituzioni educative a vari livelli.<br>Il nostro focus principale sono i gruppi a rischio di esclusione sociale per quanto riguarda l\u2019aspetto lavorativo come i disabili, i NEET, gli adulti poco qualificati e le vittime di violenza domestica.<br>I nostri esperti hanno competenze nell\u2019istruzione superiore e nell\u2019educazione degli adulti. I membri del nostro comitato didattico sono dottorandi in diverse specializzazioni delle scienze sociali (principalmente economia e sociologia) o dottorandi. Abbiamo anche persone che hanno una lunga esperienza di lavoro nel settore dell&#8217;istruzione, comprese le prospettive dell&#8217;educazione degli adulti.<\/p>\n\n\n\n<p class=\"has-text-align-center has-white-color has-text-color has-background\" style=\"background-color:#00a095\"><strong>SP\u00d3\u0141DZIELNIA SOCJALNA OS\u00d3B PRAWNYCH CENTRUM US\u0141UG \u015aRODOWISKOWYCH   <strong> (Poland)   <\/strong><\/strong> <strong>  OID:E10251622<\/strong><\/p>\n\n\n\n<figure class=\"wp-block-image alignleft size-full is-resized\"><img loading=\"lazy\" decoding=\"async\" width=\"393\" height=\"128\" src=\"https:\/\/socenter.eu\/wp-content\/uploads\/2023\/03\/pobrane.png\" alt=\"\" class=\"wp-image-277\" style=\"width:400px;height:130px\" srcset=\"https:\/\/socenter.eu\/wp-content\/uploads\/2023\/03\/pobrane.png 393w, https:\/\/socenter.eu\/wp-content\/uploads\/2023\/03\/pobrane-300x98.png 300w\" sizes=\"auto, (max-width: 393px) 100vw, 393px\" \/><\/figure>\n\n\n\n<p class=\"has-black-color has-text-color\">La Cooperativa Sociale delle Persone Giuridiche &#8220;Centrum Us\u0142ug \u015arodowiskowych&#8221; esiste dal 2012. I nostri fondatori sono stati: il comune di S\u0142upno, il comune di Bulkowo, il comune di Ma\u0142a Wie\u015b, la parrocchia cattolica romana di San Martino a S\u0142upno e il Centro per l&#8217;innovazione della societ\u00e0 dell&#8217;informazione a P\u0142ock, quindi tutti tipologie di persone giuridiche elencate nella legge sulle cooperative sociali. Dopo i cambiamenti organizzativi sono rimasti i membri della SSOP &#8220;CU\u015a&#8221;: il comune di S\u0142upno, il comune di Bulkowo, il comune di Ma\u0142a Wie\u015b, nonch\u00e9 i rappresentanti del comune di Radzanowo e della citt\u00e0 e comune di Drobin. Il nostro obiettivo principale \u00e8 quello di operare in modo efficace nel settore dell&#8217;economia di mercato di nicchia, nonch\u00e9 nell&#8217;ambito dell&#8217;attuazione dei compiti di autogoverno. Svolgiamo attivit\u00e0 nel campo dei servizi comunali, sociali, educativi e turistici e abbiamo recentemente avviato servizi di ristorazione. Gestiamo laboratori di terapia occupazionale e una casa quotidiana per anziani+ a Drobin, un club &#8220;Senior+&#8221; a \u0141\u0119g Probostwie, un hotel per cani randagi a Ma\u0142a Wie\u015b&#8221;..<\/p>\n\n\n\n<p class=\"has-text-align-center has-white-color has-text-color has-background\" style=\"background-color:#00a095\"><strong>ECOISTITUTO DEL FRIULI VENEZIA GIULIA  ( <strong>Italy )<\/strong>  OID:E10129628<\/strong><\/p>\n\n\n\n<figure class=\"wp-block-image alignleft size-full is-resized\"><img loading=\"lazy\" decoding=\"async\" width=\"130\" height=\"100\" src=\"https:\/\/socenter.eu\/wp-content\/uploads\/2023\/03\/pobrane.jpeg\" alt=\"\" class=\"wp-image-282\" style=\"width:261px;height:200px\"\/><\/figure>\n\n\n\n<p>Ecoistituto \u00e8 un istituto di ricerca senza scopo di lucro fondato nel 1989.<br>L\u2019attivit\u00e0 di Ecoistituto si concentra sullo sviluppo sostenibile seguendo un approccio multidisciplinare finalizzato a promuovere la vivibilit\u00e0 dei territori e dei cittadini.<br>Ecoistituto collabora con istituti di istruzione superiore, scuole e istituzioni governative organizzando conferenze, corsi, seminari e workshop su sviluppo sostenibile, business sociale, innovazione sociale digitale, educazione ambientale e comportamenti sani. Da 20 anni Ecoistituto organizza ogni anno un convegno internazionale sui temi del \u201cmosaico paesaggistico\u201d in collaborazione con IPSAPA (Societ\u00e0 Interregionale per la Partecipazione alla Gestione del Paesaggio e dell\u2019Ambiente Agroalimentare) e l\u2019Universit\u00e0 degli Studi di Udine.<br>Dal 2005 Ecoistituto ha realizzato la collana di pubblicazioni \u201cAbitare i luoghi\u201d, dedicata alle culture locali e sono stati pubblicati 15 numeri.<br>In passato Ecoistituto ha partecipato all&#8217;organizzazione del convegno della Rezekne Academy of Technology SOCIETY, INTEGRATION, EDUCATION (maggio 2013).<br>I membri di Ecoistituto sono professori universitari (soprattutto dell&#8217;Universit\u00e0 di Udine), professionisti, esperti e ricercatori impegnati in diversi ambiti: innovazione sociale digitale, educazione innovativa, economia, agroalimentare, ecologia, sociologia, psicologia, antropologia sociale, architettura e geografia. In particolare Ecoistituto \u00e8 impegnato in progetti locali a favore dei giovani e degli anziani.<br>Recentemente Ecoistituto ha realizzato i seguenti libri \u201cIntroduzione all&#8217;innovazione sociale\u201d, Mimesis International; \u201cIl lato cattivo del Web\u201d, Mimesis International<br>Ecoistituto \u00e8 stato capofila di un progetto Erasmus sull&#8217;innovazione sociale digitale. Ecoistituto ha condotto indagini sull\u2019innovazione sociale digitale per migranti e rifugiati e ricerche sul disturbo dello spettro autistico.<\/p>\n\n\n\n<p class=\"has-text-align-center has-white-color has-text-color has-background\" style=\"background-color:#00a095\"><strong>ISTITUTO PER LO SVILUPPO DELL&#8217;IMPRENDITORIALIT\u00c0 (Grecia) OID:E10199181<\/strong><\/p>\n\n\n\n<figure class=\"wp-block-image alignleft size-full is-resized\"><img loading=\"lazy\" decoding=\"async\" width=\"599\" height=\"216\" src=\"https:\/\/socenter.eu\/wp-content\/uploads\/2023\/03\/full-logo-text-homepage.png\" alt=\"\" class=\"wp-image-276\" style=\"width:410px;height:147px\" srcset=\"https:\/\/socenter.eu\/wp-content\/uploads\/2023\/03\/full-logo-text-homepage.png 599w, https:\/\/socenter.eu\/wp-content\/uploads\/2023\/03\/full-logo-text-homepage-300x108.png 300w\" sizes=\"auto, (max-width: 599px) 100vw, 599px\" \/><\/figure>\n\n\n\n<p>L&#8217;Istituto per lo sviluppo dell&#8217;imprenditorialit\u00e0 (iED) \u00e8 un&#8217;organizzazione no-profit greca impegnata nella promozione dell&#8217;innovazione e nella valorizzazione dello spirito imprenditoriale. Fondato nel 2005, iED \u00e8 un centro di eccellenza certificato leader nell&#8217;imprenditorialit\u00e0 europea e un hub di innovazione digitale in rapida crescita, registrato come membro del catalogo dei DIH della Commissione europea, che riconosce l&#8217;imprenditorialit\u00e0 come fattore cruciale per il futuro dello sviluppo sostenibile e della coesione delle societ\u00e0. Conduce ricerche e fornisce soluzioni innovative che facilitano la crescita dell&#8217;imprenditorialit\u00e0 e promuovono l&#8217;occupazione. iED \u00e8 anche il coordinatore di un designato European Digital Innovation Hub (EIDH) in Grecia dal titolo: &#8220;Health Hub: trasformazione dell&#8217;industria sanitaria e farmaceutica attraverso servizi digitali di intelligenza artificiale&#8221;. L\u2019Health Hub funger\u00e0 da sportello unico che aiuter\u00e0 le aziende del settore sanitario e farmaceutico a potenziare la portata, la precisione, l\u2019innovazione e gli sforzi di networking, collaborando nei loro percorsi di trasformazione digitale.<br>Nel corso dei 15 anni della nostra attivit\u00e0, abbiamo partecipato alla pianificazione, implementazione e diffusione di oltre 200 progetti nazionali ed europei nell&#8217;ambito di numerosi quadri finanziari (Horizon, Erasmus+, AMIF, REC, COSME, INTERREG, ENI CBC MED, Life ecc. ). La nostra esperienza ci ha fornito una visione unica degli aspetti pratici dell\u2019implementazione di progetti di cofinanziamento su larga scala, rendendoci un partner e leader di progetti europei forte e affidabile. Ci ha inoltre fornito una rete estremamente ampia di oltre 4.200 partner e organizzazioni collaboratrici dall\u2019UE e oltre.<\/p>\n\n\n\n<p class=\"has-black-color has-text-color\"><br><\/p>\n\n\n\n<p class=\"has-text-align-center has-white-color has-text-color has-background\" style=\"background-color:#00a095\"> <strong>CENTRO SOLIDARIET\u00c0 GIOVANI GIOVANNI MICESIO ONLUS (Italia) OID:10277214<\/strong><\/p>\n\n\n\n<figure class=\"wp-block-image alignleft size-full is-resized\"><img loading=\"lazy\" decoding=\"async\" width=\"980\" height=\"465\" src=\"https:\/\/socenter.eu\/wp-content\/uploads\/2023\/03\/centro-solidarieta-giovani-giovanni-micesio-2.jpeg\" alt=\"\" class=\"wp-image-281\" style=\"width:399px;height:189px\" srcset=\"https:\/\/socenter.eu\/wp-content\/uploads\/2023\/03\/centro-solidarieta-giovani-giovanni-micesio-2.jpeg 980w, https:\/\/socenter.eu\/wp-content\/uploads\/2023\/03\/centro-solidarieta-giovani-giovanni-micesio-2-300x142.jpeg 300w, https:\/\/socenter.eu\/wp-content\/uploads\/2023\/03\/centro-solidarieta-giovani-giovanni-micesio-2-768x364.jpeg 768w\" sizes=\"auto, (max-width: 980px) 100vw, 980px\" \/><\/figure>\n\n\n\n<p>Il Centro di Solidariet\u00e0 Giovanile \u201cG. Micesio\u201d \u00e8 stato fondato nel 1975. \u00c8 stato riconosciuto dalla Regione Friuli Venezia Giulia (DPR Regione Friuli Venezia Giulia n 337\/Pres del 09\/10\/1995) ed \u00e8 iscritto all&#8217;Albo Generale delle Organizzazioni di Volontariato. Il Centro ha lo scopo di realizzare attivit\u00e0 di inclusione di giovani con minori opportunit\u00e0, disabilit\u00e0 e dipendenze attraverso percorsi di formazione professionale e organizzare attivit\u00e0 di formazione per educatori sociali, assistenti sociali, insegnanti di sostegno e volontari sociali collaborando con i servizi sociali locali e le imprese sociali. opera attraverso cinque Unit\u00e0 Operative:<br>Unit\u00e0 Operativa Inclusione, Servizio psicologico-psicoterapeutico Punto di incontro, Unit\u00e0 Operativa Residenziale, Comunit\u00e0 Terapeutica per Adulti, Comunit\u00e0 Terapeutica Educativa per Minori Unit\u00e0 Operativa Promozione e difesa della salute Settore sanitario Settore sportivo, culturale e ricreativo Unit\u00e0 Operativa Lifelong Learning Centro di formazione professionale Business &amp; Lavoro Unit\u00e0 Operativa \u201cSolidariet\u00e0\u201d Cooperativa Sociale s.r.l.<br>L&#8217;approccio educativo del Centro si basa sul paradigma \u201cscuola-laboratorio\u201d. Integra metodologie didattiche altamente tecnologiche ed efficaci, finalizzate a fornire realizzazioni professionali concrete.<\/p>\n\n\n\n<p class=\"has-text-align-center has-white-color has-text-color has-background\" style=\"background-color:#00a095\"><strong>EPRALIMA &#8211; ESCOLA PROFISSIONAL DOALTO LIMA &#8211; COOPERATIVA DE INTERESSE PUBLICO E RESPONSABILIDADE LIMITADA ( Portogallo ) OID:10122117<\/strong><\/p>\n\n\n\n<figure class=\"wp-block-image alignleft size-large is-resized\"><img loading=\"lazy\" decoding=\"async\" width=\"1024\" height=\"323\" src=\"https:\/\/socenter.eu\/wp-content\/uploads\/2023\/03\/Logo_Ensino-PORTUGAL-1-1024x323.png\" alt=\"\" class=\"wp-image-275\" style=\"width:402px;height:125px\" srcset=\"https:\/\/socenter.eu\/wp-content\/uploads\/2023\/03\/Logo_Ensino-PORTUGAL-1-1024x323.png 1024w, https:\/\/socenter.eu\/wp-content\/uploads\/2023\/03\/Logo_Ensino-PORTUGAL-1-300x94.png 300w, https:\/\/socenter.eu\/wp-content\/uploads\/2023\/03\/Logo_Ensino-PORTUGAL-1-768x242.png 768w, https:\/\/socenter.eu\/wp-content\/uploads\/2023\/03\/Logo_Ensino-PORTUGAL-1-1536x484.png 1536w, https:\/\/socenter.eu\/wp-content\/uploads\/2023\/03\/Logo_Ensino-PORTUGAL-1-2048x645.png 2048w\" sizes=\"auto, (max-width: 1024px) 100vw, 1024px\" \/><\/figure>\n\n\n\n<p>Il Ministero dell&#8217;Istruzione ha omologato EPRALIMA nel 1999, come organizzazione privata senza scopo di lucro, basata su un regime cooperativo che fornisce formazione professionale a vari livelli europei.<br>Epralima \u00e8 composta da 3 filiali: la sede centrale ad Arcos de Valdevez; diramazione a Ponte da Barca e un&#8217;altra a Ponte de Lima; un Centro di valutazione delle competenze che riconosce, convalida e certifica le competenze offrendo agli individui l&#8217;opportunit\u00e0 di ricevere l&#8217;equivalenza accademica; e infine un Centro Tecnico che lavora con progetti transnazionali e comunitari. Epralima contribuisce ai progetti grazie alla sua: ampia conoscenza della regione e stretti rapporti con i gruppi target; capacit\u00e0 di promuovere l&#8217;incoraggiamento di reti e mobilitare diverse organizzazioni; esperienza nello sviluppo di diversi pacchetti di lavoro: gestione, valutazione, diagnosi, progettazione e implementazione. La sua sostenibilit\u00e0 \u00e8 legata alle dinamiche della Regione dell&#8217;Alta Lima, superando i bisogni attraverso la formazione.<\/p>\n","protected":false},"excerpt":{"rendered":"<p>FUNDACJA IM. ZOFII ZAMENHOF. (Polonia) OID:E10090629 La Fondazione Zofia Zamenhof mira a diffondere l&#8217;idea di libert\u00e0, le regole della democrazia, la diversit\u00e0 culturale e la tolleranza. Attraverso il nostro lavoro, vogliamo mostrare come risolvere i problemi sociali. Vogliamo contribuire ad aumentare il&#8230;<\/p>\n","protected":false},"author":1,"featured_media":0,"parent":0,"menu_order":0,"comment_status":"closed","ping_status":"closed","template":"","meta":{"footnotes":""},"class_list":["post-586","page","type-page","status-publish","hentry"],"_links":{"self":[{"href":"https:\/\/socenter.eu\/index.php\/wp-json\/wp\/v2\/pages\/586","targetHints":{"allow":["GET"]}}],"collection":[{"href":"https:\/\/socenter.eu\/index.php\/wp-json\/wp\/v2\/pages"}],"about":[{"href":"https:\/\/socenter.eu\/index.php\/wp-json\/wp\/v2\/types\/page"}],"author":[{"embeddable":true,"href":"https:\/\/socenter.eu\/index.php\/wp-json\/wp\/v2\/users\/1"}],"replies":[{"embeddable":true,"href":"https:\/\/socenter.eu\/index.php\/wp-json\/wp\/v2\/comments?post=586"}],"version-history":[{"count":2,"href":"https:\/\/socenter.eu\/index.php\/wp-json\/wp\/v2\/pages\/586\/revisions"}],"predecessor-version":[{"id":848,"href":"https:\/\/socenter.eu\/index.php\/wp-json\/wp\/v2\/pages\/586\/revisions\/848"}],"wp:attachment":[{"href":"https:\/\/socenter.eu\/index.php\/wp-json\/wp\/v2\/media?parent=586"}],"curies":[{"name":"wp","href":"https:\/\/api.w.org\/{rel}","templated":true}]}}