{"id":590,"date":"2023-11-30T14:40:15","date_gmt":"2023-11-30T13:40:15","guid":{"rendered":"https:\/\/socenter.eu\/?page_id=590"},"modified":"2024-06-22T18:07:35","modified_gmt":"2024-06-22T17:07:35","slug":"manuale","status":"publish","type":"page","link":"https:\/\/socenter.eu\/index.php\/it\/manuale\/","title":{"rendered":"Manuale"},"content":{"rendered":"\n<p class=\"has-text-align-center\"><\/p>\n\n\n\n<p class=\"has-text-align-center has-foreground-color has-text-color has-link-color wp-elements-d9a66625d35d2daab304f7cb3df7c568\" style=\"font-size:25px\">Vi presentiamo il risultato n.1 del progetto SocEnter<\/p>\n\n\n\n<p class=\"has-text-align-center has-foreground-color has-text-color has-link-color wp-elements-7eaf6db201a86320af36f5cc28682718\" style=\"font-size:25px\">(numero progetto: 2021-1-PL01-KA220-ADU-000030093)<\/p>\n\n\n\n<p class=\"has-text-align-center has-foreground-color has-text-color has-link-color wp-elements-6f7965a497b22f016f5ab349b81d7c55\" style=\"font-size:25px\"><strong>&#8220;Manuale per creare imprese a misura di adulto&#8221;<\/strong><\/p>\n\n\n\n<p class=\"has-text-align-center has-foreground-color has-text-color has-link-color wp-elements-26036aab6e70cc2b683ac712a99941f2\" style=\"font-size:25px\">Troverai capitoli interessanti sia con informazioni pratiche sulla creazione e gestione di cooperative sociali, sia con un&#8217;ampia discussione su questioni relative all&#8217;imprenditorialit\u00e0 sociale. Ti invitiamo a leggerlo, che sicuramente aumenter\u00e0 le tue competenze e ti aiuter\u00e0 nel tuo lavoro!<\/p>\n\n\n\n<div style=\"height:100px\" aria-hidden=\"true\" class=\"wp-block-spacer\"><\/div>\n\n\n\n<p class=\"has-text-align-center has-foreground-color has-text-color has-roboto-font-family\">Guida per creare imprese a misura di adulto \u2013 versione italiana<\/p>\n\n\n\n<div data-wp-interactive=\"core\/file\" class=\"wp-block-file\"><object data-wp-bind--hidden=\"!state.hasPdfPreview\" hidden class=\"wp-block-file__embed\" data=\"https:\/\/socenter.eu\/wp-content\/uploads\/2024\/06\/SOC-ENTER-Handbook-ver.-Italiano.pdf\" type=\"application\/pdf\" style=\"width:100%;height:600px\" aria-label=\"Embed of SOC-ENTER-Handbook-ver.-Italiano.\"><\/object><a id=\"wp-block-file--media-71afc6d8-ec56-48e8-8023-95bf6a1a1937\" href=\"https:\/\/socenter.eu\/wp-content\/uploads\/2024\/06\/SOC-ENTER-Handbook-ver.-Italiano.pdf\">SOC-ENTER-Handbook-ver.-Italiano<\/a><a href=\"https:\/\/socenter.eu\/wp-content\/uploads\/2024\/06\/SOC-ENTER-Handbook-ver.-Italiano.pdf\" class=\"wp-block-file__button wp-element-button\" download aria-describedby=\"wp-block-file--media-71afc6d8-ec56-48e8-8023-95bf6a1a1937\">Pobierz<\/a><\/div>\n\n\n\n<div style=\"height:100px\" aria-hidden=\"true\" class=\"wp-block-spacer\"><\/div>\n\n\n\n<p class=\"has-text-align-center has-foreground-color has-text-color has-link-color wp-elements-9c19718e8a2e53861d18c8da34549690\">Una guida per creare attivit\u00e0 adatte agli adulti &#8211; versione in tutte le lingue.<\/p>\n\n\n\n<div data-wp-interactive=\"core\/file\" class=\"wp-block-file\"><object data-wp-bind--hidden=\"!state.hasPdfPreview\" hidden class=\"wp-block-file__embed\" data=\"https:\/\/socenter.eu\/wp-content\/uploads\/2024\/06\/SOC-ENTER-Handbook-ALL.pdf\" type=\"application\/pdf\" style=\"width:100%;height:600px\" aria-label=\"Embed of SOC-ENTER-Handbook-ALL.\"><\/object><a id=\"wp-block-file--media-fd59f752-0c4b-4339-8700-261961475a70\" href=\"https:\/\/socenter.eu\/wp-content\/uploads\/2024\/06\/SOC-ENTER-Handbook-ALL.pdf\">SOC-ENTER-Handbook-ALL<\/a><a href=\"https:\/\/socenter.eu\/wp-content\/uploads\/2024\/06\/SOC-ENTER-Handbook-ALL.pdf\" class=\"wp-block-file__button wp-element-button\" download aria-describedby=\"wp-block-file--media-fd59f752-0c4b-4339-8700-261961475a70\">Pobierz<\/a><\/div>\n","protected":false},"excerpt":{"rendered":"<p>Vi presentiamo il risultato n.1 del progetto SocEnter (numero progetto: 2021-1-PL01-KA220-ADU-000030093) &#8220;Manuale per creare imprese a misura di adulto&#8221; Troverai capitoli interessanti sia con informazioni pratiche sulla creazione e gestione di cooperative sociali, sia con un&#8217;ampia discussione su questioni relative all&#8217;imprenditorialit\u00e0 sociale&#8230;.<\/p>\n","protected":false},"author":1,"featured_media":0,"parent":0,"menu_order":0,"comment_status":"closed","ping_status":"closed","template":"","meta":{"footnotes":""},"class_list":["post-590","page","type-page","status-publish","hentry"],"_links":{"self":[{"href":"https:\/\/socenter.eu\/index.php\/wp-json\/wp\/v2\/pages\/590","targetHints":{"allow":["GET"]}}],"collection":[{"href":"https:\/\/socenter.eu\/index.php\/wp-json\/wp\/v2\/pages"}],"about":[{"href":"https:\/\/socenter.eu\/index.php\/wp-json\/wp\/v2\/types\/page"}],"author":[{"embeddable":true,"href":"https:\/\/socenter.eu\/index.php\/wp-json\/wp\/v2\/users\/1"}],"replies":[{"embeddable":true,"href":"https:\/\/socenter.eu\/index.php\/wp-json\/wp\/v2\/comments?post=590"}],"version-history":[{"count":5,"href":"https:\/\/socenter.eu\/index.php\/wp-json\/wp\/v2\/pages\/590\/revisions"}],"predecessor-version":[{"id":1276,"href":"https:\/\/socenter.eu\/index.php\/wp-json\/wp\/v2\/pages\/590\/revisions\/1276"}],"wp:attachment":[{"href":"https:\/\/socenter.eu\/index.php\/wp-json\/wp\/v2\/media?parent=590"}],"curies":[{"name":"wp","href":"https:\/\/api.w.org\/{rel}","templated":true}]}}