{"id":634,"date":"2023-11-30T15:00:33","date_gmt":"2023-11-30T14:00:33","guid":{"rendered":"https:\/\/socenter.eu\/?page_id=634"},"modified":"2023-12-14T11:15:08","modified_gmt":"2023-12-14T10:15:08","slug":"sobre-parceiros","status":"publish","type":"page","link":"https:\/\/socenter.eu\/index.php\/pt\/sobre-parceiros\/","title":{"rendered":"Sobre parceiros"},"content":{"rendered":"\n<p class=\"has-text-align-center\"><\/p>\n\n\n\n<p class=\"has-text-align-center has-white-color has-text-color has-background\" style=\"background-color:#00a095\"><strong>FUNDA\u00c7\u00c3O IM. ZOFII ZAMENHOF. (Pol\u00f4nia)       OID:E10090629<\/strong><\/p>\n\n\n\n<figure class=\"wp-block-image alignleft size-full is-resized\"><img loading=\"lazy\" decoding=\"async\" width=\"144\" height=\"172\" src=\"https:\/\/socenter.eu\/wp-content\/uploads\/2023\/03\/logo-FZZ.png\" alt=\"\" class=\"wp-image-273\" style=\"width:245px;height:292px\"\/><\/figure>\n\n\n\n<p>A Funda\u00e7\u00e3o Zofia Zamenhof visa propagar a ideia de liberdade, as regras da democracia, a diversidade cultural e a toler\u00e2ncia. Ao longo do nosso trabalho, queremos mostrar como resolver problemas sociais. Queremos contribuir para aumentar o n\u00edvel de educa\u00e7\u00e3o dos diversos grupos sociais nos pa\u00edses onde vamos desenvolver o nosso trabalho e influenciar os processos de integra\u00e7\u00e3o entre as na\u00e7\u00f5es. Temos certeza de que esta \u00e9 uma educa\u00e7\u00e3o que d\u00e1 oportunidade de crescimento e diminui as diferen\u00e7as sociais. O di\u00e1logo intercultural \u00e9 poss\u00edvel gra\u00e7as \u00e0 educa\u00e7\u00e3o. Assim, o nosso trabalho visa tamb\u00e9m a educa\u00e7\u00e3o e a forma\u00e7\u00e3o, tamb\u00e9m na vertente da coopera\u00e7\u00e3o internacional. Queremos tamb\u00e9m propagar o conhecimento sobre as pessoas ligadas \u00e0s ideias da nossa funda\u00e7\u00e3o. A Funda\u00e7\u00e3o est\u00e1 envolvida em atividades educacionais e cient\u00edficas relacionadas \u00e0s causas sociais e \u00e0 redu\u00e7\u00e3o do desemprego. H\u00e1 uma forte \u00eanfase na coopera\u00e7\u00e3o com os pa\u00edses da Parceria Oriental e no trabalho com institui\u00e7\u00f5es de ensino a v\u00e1rios n\u00edveis.<br>O nosso foco principal s\u00e3o os grupos em risco de exclus\u00e3o social no que diz respeito ao mercado de trabalho, tais como deficientes, NEET, adultos pouco qualificados e v\u00edtimas de viol\u00eancia dom\u00e9stica.<br>Nossos especialistas t\u00eam experi\u00eancia em ensino superior e educa\u00e7\u00e3o de adultos. Os membros do nosso comit\u00e9 educativo s\u00e3o titulares de doutoramento em diferentes especializa\u00e7\u00f5es das ci\u00eancias sociais (principalmente economia e sociologia) ou candidatos a doutoramento. Temos tamb\u00e9m pessoas com longa experi\u00eancia de trabalho na ind\u00fastria educacional, incluindo perspectivas de educa\u00e7\u00e3o de adultos.<br>\u200b<\/p>\n\n\n\n<p class=\"has-text-align-center has-white-color has-text-color has-background\" style=\"background-color:#00a095\"><strong>SP\u00d3\u0141DZIELNIA SOCJALNA OS\u00d3B PRAWNYCH CENTRUM US\u0141UG \u015aRODOWISKOWYCH    (Pol\u00f4nia)      OID:E10251622<\/strong><\/p>\n\n\n\n<figure class=\"wp-block-image alignleft size-full is-resized\"><img loading=\"lazy\" decoding=\"async\" width=\"393\" height=\"128\" src=\"https:\/\/socenter.eu\/wp-content\/uploads\/2023\/03\/pobrane.png\" alt=\"\" class=\"wp-image-277\" style=\"width:400px;height:130px\" srcset=\"https:\/\/socenter.eu\/wp-content\/uploads\/2023\/03\/pobrane.png 393w, https:\/\/socenter.eu\/wp-content\/uploads\/2023\/03\/pobrane-300x98.png 300w\" sizes=\"auto, (max-width: 393px) 100vw, 393px\" \/><\/figure>\n\n\n\n<p class=\"has-black-color has-text-color\">A Cooperativa Social de Pessoas Coletivas &#8220;Centrum Us\u0142ug \u015arodowiskowych&#8221; existe desde 2012. Os nossos fundadores foram: munic\u00edpio de S\u0142upno, munic\u00edpio de Bulkowo, munic\u00edpio de Ma\u0142a Wie\u015b, Par\u00f3quia Cat\u00f3lica Romana de St. Martin em S\u0142upno e o Centro para a Inova\u00e7\u00e3o da Sociedade da Informa\u00e7\u00e3o em P\u0142ock, portanto todos tipos de pessoas jur\u00eddicas listadas na Lei das Cooperativas Sociais. Ap\u00f3s mudan\u00e7as organizacionais, os membros do SSOP &#8220;CU\u015a&#8221; permaneceram: comuna de S\u0142upno, comuna de Bulkowo, comuna de Ma\u0142a Wie\u015b, bem como representantes da comuna de Radzanowo e da cidade e comuna de Drobin. O nosso principal objectivo \u00e9 operar eficazmente na \u00e1rea da economia de nicho de mercado, bem como na \u00e1rea de implementa\u00e7\u00e3o de tarefas de autogoverno. Desenvolvemos atividades no dom\u00ednio dos servi\u00e7os municipais, sociais, educativos e tur\u00edsticos, e lan\u00e7\u00e1mos recentemente servi\u00e7os de restaura\u00e7\u00e3o. Realizamos Workshops de Terapia Ocupacional e uma Casa Di\u00e1ria para Idosos+ em Drobin, um Clube &#8220;Senior+&#8221; em \u0141\u0119g Probostwie, um Hotel para c\u00e3es vadios em Ma\u0142a Wie\u015b&#8221;.<\/p>\n\n\n\n<p class=\"has-text-align-center has-white-color has-text-color has-background\" style=\"background-color:#00a095\"><strong>ECOISTITUTO DEL FRIULI VENEZIA GIULIA (It\u00e1lia) OID:E10129628<\/strong><\/p>\n\n\n\n<figure class=\"wp-block-image alignleft size-full is-resized\"><img loading=\"lazy\" decoding=\"async\" width=\"130\" height=\"100\" src=\"https:\/\/socenter.eu\/wp-content\/uploads\/2023\/03\/pobrane.jpeg\" alt=\"\" class=\"wp-image-282\" style=\"width:261px;height:200px\"\/><\/figure>\n\n\n\n<p>O Ecoistituto \u00e9 um instituto de pesquisa sem fins lucrativos fundado em 1989.<br>A atividade do Ecoistituto centra-se no desenvolvimento sustent\u00e1vel seguindo uma abordagem multidisciplinar finalizada para promover a habitabilidade dos territ\u00f3rios e dos cidad\u00e3os.<br>O Ecoistituto colabora com institui\u00e7\u00f5es de ensino superior, escolas e institui\u00e7\u00f5es governamentais organizando confer\u00eancias, cursos, semin\u00e1rios e workshops sobre desenvolvimento sustent\u00e1vel, neg\u00f3cios sociais, inova\u00e7\u00e3o social digital, educa\u00e7\u00e3o ambiental e comportamento saud\u00e1vel. Nos \u00faltimos 20 anos, o Ecoistituto organizou uma confer\u00eancia internacional anual sobre os temas do \u201cmosaico paisag\u00edstico\u201d em colabora\u00e7\u00e3o com a IPSAPA (Sociedade Inter-regional para a Participa\u00e7\u00e3o na Paisagem do Agroneg\u00f3cio e na Gest\u00e3o Ambiental) e a Universidade de Udine.<br>Desde 2005, o Ecoistituto criou a s\u00e9rie de publica\u00e7\u00f5es \u201cViver nos lugares\u201d, dedicada \u00e0s culturas locais, tendo sido publicados 15 n\u00fameros.<br>No passado, o Ecoistituto participou da organiza\u00e7\u00e3o da Rezekne Academy of Technology Conference SOCIETY, INTEGRATION, EDUCATION (maio de 2013).<br>Os membros do Ecoistituto s\u00e3o professores universit\u00e1rios (especialmente da Universidade de Udine), profissionais, especialistas e pesquisadores engajados em diferentes \u00e2mbitos: inova\u00e7\u00e3o social digital, educa\u00e7\u00e3o inovadora, economia, agroneg\u00f3cio, ecologia, sociologia, psicologia, antropologia social, arquitetura e geografia. Em particular, o Ecoistituto est\u00e1 envolvido em projetos locais para jovens e idosos.<br>Recentemente, o Ecoistituto realizou os seguintes livros \u201cIntrodu\u00e7\u00e3o \u00e0 inova\u00e7\u00e3o social\u201d, Mimesis International; \u201cO lado maligno da Web\u201d, Mimesis International<br>O Ecoistituto foi o l\u00edder de um projeto Erasmus sobre inova\u00e7\u00e3o social digital. O Ecoistituto conduziu investiga\u00e7\u00f5es sobre inova\u00e7\u00e3o social digital para migrantes e refugiados e tamb\u00e9m pesquisas sobre transtorno do espectro do autismo.<\/p>\n\n\n\n<p class=\"has-text-align-center has-white-color has-text-color has-background\" style=\"background-color:#00a095\"><strong>INSTITUTO DE DESENVOLVIMENTO DE EMPREENDEDORISMO (Gr\u00e9cia) OID:E10199181<\/strong><\/p>\n\n\n\n<figure class=\"wp-block-image alignleft size-full is-resized\"><img loading=\"lazy\" decoding=\"async\" width=\"599\" height=\"216\" src=\"https:\/\/socenter.eu\/wp-content\/uploads\/2023\/03\/full-logo-text-homepage.png\" alt=\"\" class=\"wp-image-276\" style=\"width:410px;height:147px\" srcset=\"https:\/\/socenter.eu\/wp-content\/uploads\/2023\/03\/full-logo-text-homepage.png 599w, https:\/\/socenter.eu\/wp-content\/uploads\/2023\/03\/full-logo-text-homepage-300x108.png 300w\" sizes=\"auto, (max-width: 599px) 100vw, 599px\" \/><\/figure>\n\n\n\n<p>O Instituto de Desenvolvimento do Empreendedorismo (iED) \u00e9 uma organiza\u00e7\u00e3o grega sem fins lucrativos comprometida com a promo\u00e7\u00e3o da inova\u00e7\u00e3o e o aprimoramento do esp\u00edrito empreendedor. Fundado em 2005, o iED \u00e9 um Centro de Excel\u00eancia l\u00edder certificado em empreendedorismo europeu e um Centro de Inova\u00e7\u00e3o Digital em r\u00e1pido crescimento, registado como membro do cat\u00e1logo de DIH da Comiss\u00e3o Europeia, que reconhece o empreendedorismo como um factor crucial para o futuro do desenvolvimento sustent\u00e1vel e da coes\u00e3o das sociedades. Realiza pesquisas e fornece solu\u00e7\u00f5es inovadoras que facilitam o crescimento do empreendedorismo e promovem o emprego. O iED tamb\u00e9m \u00e9 o Coordenador de um Centro Europeu de Inova\u00e7\u00e3o Digital (EIDHs) designado na Gr\u00e9cia, intitulado: \u201cHealth Hub: Healthcare and Pharmaceutical Industry Transformation through Artificial Intelligence Digital Services\u201d. O Health Hub funcionar\u00e1 como um balc\u00e3o \u00fanico que ajudar\u00e1 as empresas do setor da Sa\u00fade e Farmac\u00eautica a impulsionar os seus esfor\u00e7os de divulga\u00e7\u00e3o, precis\u00e3o, inova\u00e7\u00e3o e networking, estabelecendo parcerias nas suas jornadas de transforma\u00e7\u00e3o digital.<br>Ao longo dos 15 anos de atividade, participamos no planeamento, implementa\u00e7\u00e3o e divulga\u00e7\u00e3o de mais de 200 projetos nacionais e europeus no \u00e2mbito de numerosos Quadros Financeiros (Horizonte, Erasmus+, FAMI, REC, COSME, INTERREG, ENI CBC MED, Life etc. ). A nossa experi\u00eancia deu-nos uma vis\u00e3o \u00fanica sobre os aspectos pr\u00e1ticos da implementa\u00e7\u00e3o de projectos de co-financiamento em grande escala, tornando-nos um parceiro e l\u00edder de projectos europeus forte e confi\u00e1vel. Tamb\u00e9m nos proporcionou uma rede extremamente ampla de mais de 4.200 parceiros e organiza\u00e7\u00f5es colaboradoras da UE e de outros pa\u00edses.<\/p>\n\n\n\n<p class=\"has-black-color has-text-color\"><br><\/p>\n\n\n\n<p class=\"has-text-align-center has-white-color has-text-color has-background\" style=\"background-color:#00a095\"><strong>CENTRO SOLIDARIET\u00c0 GIOVANI GIOVANNI MICESIO ONLUS (It\u00e1lia) OID:1027721<\/strong>4<\/p>\n\n\n\n<figure class=\"wp-block-image alignleft size-full is-resized\"><img loading=\"lazy\" decoding=\"async\" width=\"980\" height=\"465\" src=\"https:\/\/socenter.eu\/wp-content\/uploads\/2023\/03\/centro-solidarieta-giovani-giovanni-micesio-2.jpeg\" alt=\"\" class=\"wp-image-281\" style=\"width:399px;height:189px\" srcset=\"https:\/\/socenter.eu\/wp-content\/uploads\/2023\/03\/centro-solidarieta-giovani-giovanni-micesio-2.jpeg 980w, https:\/\/socenter.eu\/wp-content\/uploads\/2023\/03\/centro-solidarieta-giovani-giovanni-micesio-2-300x142.jpeg 300w, https:\/\/socenter.eu\/wp-content\/uploads\/2023\/03\/centro-solidarieta-giovani-giovanni-micesio-2-768x364.jpeg 768w\" sizes=\"auto, (max-width: 980px) 100vw, 980px\" \/><\/figure>\n\n\n\n<p>O Centro de Solidariedade Juvenil \u201cG. Micesio &#8220;foi fundado em 1975. Foi reconhecido pela Regi\u00e3o Friuli Venezia Giulia (DPR Regione Friuli Venezia Giulia n 337 \/ Pres de 09\/10\/1995) e est\u00e1 inscrito no Registro Geral de Organiza\u00e7\u00f5es Volunt\u00e1rias. O Centro tem como objetivo realizar a inclus\u00e3o de jovens com menos oportunidades, defici\u00eancias e depend\u00eancias atrav\u00e9s de forma\u00e7\u00f5es profissionais. O Centro tamb\u00e9m organiza atividades de forma\u00e7\u00e3o para educadores sociais, assistentes sociais, professores de apoio e volunt\u00e1rios sociais que colaboram com os servi\u00e7os sociais locais e empresas sociais. opera por meio de cinco Unidades Operativas:<br>Unidade Operativa de Inclus\u00e3o, Atendimento Psico-psicoterap\u00eautico Ponto de encontro, Unidade Operativa Residencial, Comunidade Terap\u00eautica para Adultos, Comunidade Terap\u00eautica Educacional para Menores Unidade Operativa de promo\u00e7\u00e3o e defesa da sa\u00fade Setor de sa\u00fade Setor esportivo, cultural e recreativo Aprendizagem ao longo da vida Unidade Operativa Centro de forma\u00e7\u00e3o profissional Neg\u00f3cios e Trabalho Unidade Operativa \u201cSolidariedade\u201d Cooperativa Social Lda.<br>A abordagem educativa do Centro baseia-se no paradigma \u201cescola-laborat\u00f3rio\u201d. Integra metodologias educacionais altamente avan\u00e7adas tecnol\u00f3gicas e eficazes, finalizadas para proporcionar realiza\u00e7\u00f5es profissionais concretas.<\/p>\n\n\n\n<p class=\"has-text-align-center has-white-color has-text-color has-background\" style=\"background-color:#00a095\"><strong>EPRALIMA &#8211; ESCOLA PROFISSIONAL DOALTO LIMA &#8211; COOPERATIVA DE INTERESSE P\u00daBLICO E RESPONSABILIDADE LIMITADA (Portugal) OID:10122117<\/strong><\/p>\n\n\n\n<figure class=\"wp-block-image alignleft size-large is-resized\"><img loading=\"lazy\" decoding=\"async\" width=\"1024\" height=\"323\" src=\"https:\/\/socenter.eu\/wp-content\/uploads\/2023\/03\/Logo_Ensino-PORTUGAL-1-1024x323.png\" alt=\"\" class=\"wp-image-275\" style=\"width:402px;height:125px\" srcset=\"https:\/\/socenter.eu\/wp-content\/uploads\/2023\/03\/Logo_Ensino-PORTUGAL-1-1024x323.png 1024w, https:\/\/socenter.eu\/wp-content\/uploads\/2023\/03\/Logo_Ensino-PORTUGAL-1-300x94.png 300w, https:\/\/socenter.eu\/wp-content\/uploads\/2023\/03\/Logo_Ensino-PORTUGAL-1-768x242.png 768w, https:\/\/socenter.eu\/wp-content\/uploads\/2023\/03\/Logo_Ensino-PORTUGAL-1-1536x484.png 1536w, https:\/\/socenter.eu\/wp-content\/uploads\/2023\/03\/Logo_Ensino-PORTUGAL-1-2048x645.png 2048w\" sizes=\"auto, (max-width: 1024px) 100vw, 1024px\" \/><\/figure>\n\n\n\n<p>O Minist\u00e9rio da Educa\u00e7\u00e3o homologou a EPRALIMA em 1999, como uma organiza\u00e7\u00e3o privada sem fins lucrativos, assente num regime cooperativo que proporciona forma\u00e7\u00e3o profissional a v\u00e1rios n\u00edveis europeus.<br>A Epralima \u00e9 composta por 3 sucursais: sede em Arcos de Valdevez; sucursal em Ponte da Barca e outra em Ponte de Lima; um Centro de Avalia\u00e7\u00e3o de Compet\u00eancias que reconhece, valida e certifica compet\u00eancias, dando aos indiv\u00edduos a oportunidade de receber equival\u00eancia acad\u00e9mica; e finalmente um Centro T\u00e9cnico que trabalha com projetos transnacionais e comunit\u00e1rios. A Epralima contribui para os projetos devido ao seu amplo conhecimento da regi\u00e3o e relacionamento pr\u00f3ximo com os grupos-alvo; capacidade de promover o incentivo a redes e mobilizar diferentes organiza\u00e7\u00f5es; experi\u00eancia no desenvolvimento de diferentes Pacotes de Trabalho: gest\u00e3o, avalia\u00e7\u00e3o, diagn\u00f3stico, desenho e implementa\u00e7\u00e3o. A sua sustentabilidade est\u00e1 ligada \u00e0 din\u00e2mica da Regi\u00e3o do Alto Lima, superando as necessidades atrav\u00e9s da forma\u00e7\u00e3o.<\/p>\n","protected":false},"excerpt":{"rendered":"<p>FUNDA\u00c7\u00c3O IM. ZOFII ZAMENHOF. (Pol\u00f4nia) OID:E10090629 A Funda\u00e7\u00e3o Zofia Zamenhof visa propagar a ideia de liberdade, as regras da democracia, a diversidade cultural e a toler\u00e2ncia. Ao longo do nosso trabalho, queremos mostrar como resolver problemas sociais. Queremos contribuir para aumentar o&#8230;<\/p>\n","protected":false},"author":1,"featured_media":0,"parent":0,"menu_order":0,"comment_status":"closed","ping_status":"closed","template":"","meta":{"footnotes":""},"class_list":["post-634","page","type-page","status-publish","hentry"],"_links":{"self":[{"href":"https:\/\/socenter.eu\/index.php\/wp-json\/wp\/v2\/pages\/634","targetHints":{"allow":["GET"]}}],"collection":[{"href":"https:\/\/socenter.eu\/index.php\/wp-json\/wp\/v2\/pages"}],"about":[{"href":"https:\/\/socenter.eu\/index.php\/wp-json\/wp\/v2\/types\/page"}],"author":[{"embeddable":true,"href":"https:\/\/socenter.eu\/index.php\/wp-json\/wp\/v2\/users\/1"}],"replies":[{"embeddable":true,"href":"https:\/\/socenter.eu\/index.php\/wp-json\/wp\/v2\/comments?post=634"}],"version-history":[{"count":2,"href":"https:\/\/socenter.eu\/index.php\/wp-json\/wp\/v2\/pages\/634\/revisions"}],"predecessor-version":[{"id":896,"href":"https:\/\/socenter.eu\/index.php\/wp-json\/wp\/v2\/pages\/634\/revisions\/896"}],"wp:attachment":[{"href":"https:\/\/socenter.eu\/index.php\/wp-json\/wp\/v2\/media?parent=634"}],"curies":[{"name":"wp","href":"https:\/\/api.w.org\/{rel}","templated":true}]}}