{"id":784,"date":"2023-12-09T21:21:46","date_gmt":"2023-12-09T20:21:46","guid":{"rendered":"https:\/\/socenter.eu\/?page_id=784"},"modified":"2024-03-19T11:08:52","modified_gmt":"2024-03-19T10:08:52","slug":"gr-contact","status":"publish","type":"page","link":"https:\/\/socenter.eu\/index.php\/el\/gr-contact\/","title":{"rendered":"\u0395\u03c0\u03b9\u03ba\u03bf\u03b9\u03bd\u03c9\u03bd\u03af\u03b1"},"content":{"rendered":"\n<figure class=\"wp-block-image aligncenter size-full\"><img loading=\"lazy\" decoding=\"async\" width=\"997\" height=\"682\" src=\"https:\/\/socenter.eu\/wp-content\/uploads\/2023\/08\/logo-FZZ-jpg-1.png\" alt=\"\" class=\"wp-image-445\" srcset=\"https:\/\/socenter.eu\/wp-content\/uploads\/2023\/08\/logo-FZZ-jpg-1.png 997w, https:\/\/socenter.eu\/wp-content\/uploads\/2023\/08\/logo-FZZ-jpg-1-300x205.png 300w, https:\/\/socenter.eu\/wp-content\/uploads\/2023\/08\/logo-FZZ-jpg-1-768x525.png 768w\" sizes=\"auto, (max-width: 997px) 100vw, 997px\" \/><\/figure>\n\n\n\n<p class=\"has-text-align-center has-white-color has-text-color has-background has-medium-font-size\" style=\"background-color:#00a095\"><strong>Zofia Z<\/strong>\u038a\u03b4\u03c1\u03c5\u03bc\u03b1 Zofia Zamenhof<\/p>\n\n\n\n<p class=\"has-text-align-center has-white-color has-text-color has-background\" style=\"background-color:#00a095\"> ul. Mazowiecka 11 lokal 49, \u0392\u03b1\u03c1\u03c3\u03bf\u03b2\u03af\u03b1<\/p>\n\n\n\n<div style=\"height:40px\" aria-hidden=\"true\" class=\"wp-block-spacer\"><\/div>\n\n\n\n<pre class=\"wp-block-verse has-text-align-center has-foreground-color has-text-color\" style=\"font-style:normal;font-weight:400\"><strong>Zbigniew D\u0105browski<\/strong> \u2013 \u03bf \u03c0\u03c1\u03cc\u03b5\u03b4\u03c1\u03bf\u03c2\n<a href=\"mailto:zbigniew.dabrowski@zofiazamenhof.pl\" target=\"_blank\" rel=\"noreferrer noopener\">zbigniew.dabrowski@zofiazamenhof.pl<\/a> \u03b1\u03c1\u03b9\u03b8\u03bc\u03cc\u03c2 \u03c4\u03b7\u03bb\u03b5\u03c6\u03ce\u03bd\u03bf\u03c5 +48 604 997 656\n\n<strong>Wojciech Duranowski<\/strong>\u00a0\u2013 \u03bf \u03b1\u03bd\u03c4\u03b9\u03c0\u03c1\u03cc\u03b5\u03b4\u03c1\u03bf\u03c2\n\u03b1\u03c1\u03b9\u03b8\u03bc\u03cc\u03c2 \u03c4\u03b7\u03bb\u03b5\u03c6\u03ce\u03bd\u03bf\u03c5 <a href=\"mailto:wduranowski@gmail.com\" target=\"_blank\" rel=\"noreferrer noopener\">wduranowski@gmail.com<\/a> +48 798 430 769\n\n<strong>Bartosz G\u00f3ras <\/strong>- \u03a3\u03c5\u03bd\u03c4\u03bf\u03bd\u03af\u03c3\u03c4\u03c1\u03b9\u03b1 \u03c4\u03bf\u03c5 \u03ad\u03c1\u03b3\u03bf\u03c5 \u00ab\u0395\u03ba\u03c0\u03b1\u03af\u03b4\u03b5\u03c5\u03c3\u03b7 \u0395\u03bd\u03b7\u03bb\u03af\u03ba\u03c9\u03bd\u00bb\n<a href=\"mailto:bartosz.goras96@gmail.com\" target=\"_blank\" rel=\"noreferrer noopener\">bartosz.goras96@gmail.com<\/a>\n\n<strong>Barbara Makarewicz<\/strong> \u2013 \u03b2\u03bf\u03b7\u03b8\u03cc\u03c2 \u03c4\u03bf\u03c5 \u0394.\u03a3.\n\u03c3\u03c5\u03bd\u03c4\u03bf\u03bd\u03b9\u03c3\u03c4\u03ae\u03c2 \u03ad\u03c1\u03b3\u03c9\u03bd \u03b3\u03b9\u03b1 \u03c4\u03b7 \u03bd\u03b5\u03bf\u03bb\u03b1\u03af\u03b1 <a href=\"mailto:biuro@zofiazamenhof.pl\" target=\"_blank\" rel=\"noreferrer noopener\">biuro@zofiazamenhof.pl<\/a>\n<\/pre>\n\n\n\n<p class=\"has-text-align-center has-white-color has-text-color has-background\" style=\"background-color:#00a095;font-size:24px\"><strong>\u03a3\u03a5\u039d\u0395\u03a1\u0393\u0391\u03a4\u0395\u03a3 \u0395\u03a1\u0393\u039f\u03a5 &#8211; \u0395\u03a0\u0399\u039a\u039f\u0399\u039d\u03a9\u039d\u0399\u0391<\/strong><\/p>\n\n\n\n<pre class=\"wp-block-verse has-text-align-center has-foreground-color has-text-color\" style=\"font-style:normal;font-weight:400\"><strong>EPRALIMA \u2013 ESCOLA PROFISSIONAL DOALTO LIMA<\/strong> (\u03a0\u03bf\u03c1\u03c4\u03bf\u03b3\u03b1\u03bb\u03af\u03b1)\nAngela Paredes - \u03a3\u03c5\u03bd\u03c4\u03bf\u03bd\u03af\u03c3\u03c4\u03c1\u03b9\u03b1 \u0388\u03c1\u03b3\u03bf\u03c5\n<a href=\"mailto:angelaparedes.qualifica@epralima.pt\" target=\"_blank\" rel=\"noreferrer noopener\">angelaparedes.qualifica@epralima.pt<\/a>   \n\n\n<strong>ECOISTITUTO DEL FRIULI VENEZIA GIULIA <\/strong>(\u0399\u03c4\u03b1\u03bb\u03af\u03b1)\nSimone Zorzi - \u03a3\u03c5\u03bd\u03c4\u03bf\u03bd\u03af\u03c3\u03c4\u03c1\u03b9\u03b1 \u0388\u03c1\u03b3\u03bf\u03c5\n<a href=\"mailto:zorzisimo@gmail.com\" target=\"_blank\" rel=\"noreferrer noopener\">zorzisimo@gmail.com<\/a>  \n\n\n<strong>CENTRO SOLIDARIET\u00c0 GIOVANI GIOVANNI MICESIO ONLUS<\/strong> (\u0399\u03c4\u03b1\u03bb\u03af\u03b1)\n Francesca Ferrara -- \u03a3\u03c5\u03bd\u03c4\u03bf\u03bd\u03af\u03c3\u03c4\u03c1\u03b9\u03b1 \u0388\u03c1\u03b3\u03bf\u03c5\n<a href=\"mailto:ferrara@csg-fvg.org\" target=\"_blank\" rel=\"noreferrer noopener\">ferrara@csg-fvg.org<\/a>  \n\n\n<strong>SP\u00d3\u0141DZIELNIA SOCJALNA OS\u00d3B PRAWNYCH CUS<\/strong> (\u03a0\u03bf\u03bb\u03c9\u03bd\u03af\u03b1)\nAleksandra P\u0119cherzewska - \u03a3\u03c5\u03bd\u03c4\u03bf\u03bd\u03af\u03c3\u03c4\u03c1\u03b9\u03b1 \u0388\u03c1\u03b3\u03bf\u03c5\n<a href=\"mailto:cusslupno@wp.pl\" target=\"_blank\" rel=\"noreferrer noopener\">cusslupno@wp.pl<\/a>  \n\n\n<strong>IED INSTITUTE OF ENTREPRENEURSHIP DEVELOPMENT <\/strong>(\u0395\u03bb\u03bb\u03ac\u03b4\u03b1)\nMaria Gkountopoulou - \u03a3\u03c5\u03bd\u03c4\u03bf\u03bd\u03af\u03c3\u03c4\u03c1\u03b9\u03b1 \u0388\u03c1\u03b3\u03bf\u03c5\n<a href=\"mailto:mgkountopoulou@ied.eu\" target=\"_blank\" rel=\"noreferrer noopener\">mgkountopoulou@ied.eu<\/a> \n\n<\/pre>\n","protected":false},"excerpt":{"rendered":"<p>Zofia Z\u038a\u03b4\u03c1\u03c5\u03bc\u03b1 Zofia Zamenhof ul. Mazowiecka 11 lokal 49, \u0392\u03b1\u03c1\u03c3\u03bf\u03b2\u03af\u03b1 Zbigniew D\u0105browski \u2013 \u03bf \u03c0\u03c1\u03cc\u03b5\u03b4\u03c1\u03bf\u03c2 zbigniew.dabrowski@zofiazamenhof.pl \u03b1\u03c1\u03b9\u03b8\u03bc\u03cc\u03c2 \u03c4\u03b7\u03bb\u03b5\u03c6\u03ce\u03bd\u03bf\u03c5 +48 604 997 656 Wojciech Duranowski\u00a0\u2013 \u03bf \u03b1\u03bd\u03c4\u03b9\u03c0\u03c1\u03cc\u03b5\u03b4\u03c1\u03bf\u03c2 \u03b1\u03c1\u03b9\u03b8\u03bc\u03cc\u03c2 \u03c4\u03b7\u03bb\u03b5\u03c6\u03ce\u03bd\u03bf\u03c5 wduranowski@gmail.com +48 798 430 769 Bartosz G\u00f3ras &#8211; \u03a3\u03c5\u03bd\u03c4\u03bf\u03bd\u03af\u03c3\u03c4\u03c1\u03b9\u03b1 \u03c4\u03bf\u03c5 \u03ad\u03c1\u03b3\u03bf\u03c5 \u00ab\u0395\u03ba\u03c0\u03b1\u03af\u03b4\u03b5\u03c5\u03c3\u03b7 \u0395\u03bd\u03b7\u03bb\u03af\u03ba\u03c9\u03bd\u00bb bartosz.goras96@gmail.com&#8230;<\/p>\n","protected":false},"author":1,"featured_media":0,"parent":0,"menu_order":0,"comment_status":"closed","ping_status":"closed","template":"","meta":{"footnotes":""},"class_list":["post-784","page","type-page","status-publish","hentry"],"_links":{"self":[{"href":"https:\/\/socenter.eu\/index.php\/wp-json\/wp\/v2\/pages\/784","targetHints":{"allow":["GET"]}}],"collection":[{"href":"https:\/\/socenter.eu\/index.php\/wp-json\/wp\/v2\/pages"}],"about":[{"href":"https:\/\/socenter.eu\/index.php\/wp-json\/wp\/v2\/types\/page"}],"author":[{"embeddable":true,"href":"https:\/\/socenter.eu\/index.php\/wp-json\/wp\/v2\/users\/1"}],"replies":[{"embeddable":true,"href":"https:\/\/socenter.eu\/index.php\/wp-json\/wp\/v2\/comments?post=784"}],"version-history":[{"count":7,"href":"https:\/\/socenter.eu\/index.php\/wp-json\/wp\/v2\/pages\/784\/revisions"}],"predecessor-version":[{"id":1049,"href":"https:\/\/socenter.eu\/index.php\/wp-json\/wp\/v2\/pages\/784\/revisions\/1049"}],"wp:attachment":[{"href":"https:\/\/socenter.eu\/index.php\/wp-json\/wp\/v2\/media?parent=784"}],"curies":[{"name":"wp","href":"https:\/\/api.w.org\/{rel}","templated":true}]}}